{"id":3760,"date":"2021-11-18T11:40:30","date_gmt":"2021-11-18T11:40:30","guid":{"rendered":"https:\/\/plmfm.pt\/?page_id=3760\/"},"modified":"2025-08-27T09:42:06","modified_gmt":"2025-08-27T09:42:06","slug":"news","status":"publish","type":"page","link":"https:\/\/plmfm.pt\/en\/news\/","title":{"rendered":"NEWS"},"content":{"rendered":"<\/div><\/div><\/div><!-- close content main div --><\/div><\/div><div id='av_section_1' class='avia-section main_color avia-section-default avia-no-border-styling avia-bg-style-scroll   av-arrow-down-section av-minimum-height av-minimum-height-custom container_wrap sidebar_right' style = 'background-color: #d71921; '  ><div class='container' style='height:320px'><div class='template-page content  av-content-small alpha units'><div class='post-entry post-entry-type-page post-entry-3760'><div class='entry-content-wrapper clearfix'>\n<div style='padding-bottom:30px;color:#ffffff;font-size:30px;' class='av-special-heading av-special-heading-h2 custom-color-heading blockquote modern-quote  av-inherit-size '><h2 class='av-special-heading-tag '  itemprop=\"headline\"  >NEWS<\/h2><div class='special-heading-border'><div class='special-heading-inner-border' style='border-color:#ffffff'><\/div><\/div><\/div>\n<\/div><\/div><\/div><!-- close content main div --><\/div><div class='av-extra-border-element border-extra-arrow-down'><div class='av-extra-border-outer'><div class='av-extra-border-inner'  style='background-color:#d71921;' ><\/div><\/div><\/div><\/div><div id='after_section_1' class='main_color av_default_container_wrap container_wrap sidebar_right'   ><div class='container' ><div class='template-page content  av-content-small alpha units'><div class='post-entry post-entry-type-page post-entry-3760'><div class='entry-content-wrapper clearfix'>\n<\/div><\/div><\/div><!-- close content main div --><\/div><div class='av-extra-border-element border-extra-arrow-down'><div class='av-extra-border-outer'><div class='av-extra-border-inner'  style='background-color:#d71921;' ><\/div><\/div><\/div><\/div><div id='av_section_2' class='avia-section main_color avia-section-default avia-no-border-styling avia-bg-style-scroll   av-minimum-height av-minimum-height-custom container_wrap sidebar_right'   ><div class='container' style='height:100px'><div class='template-page content  av-content-small alpha units'><div class='post-entry post-entry-type-page post-entry-3760'><div class='entry-content-wrapper clearfix'>\n<div class=\"flex_column av_one_full  flex_column_div av-zero-column-padding first  \" style='border-radius:0px; '><div id='av-masonry-1' class='av-masonry  noHover av-flex-size av-large-gap av-hover-overlay-active av-masonry-col-4 av-caption-always av-caption-style-    '  ><div class='av-masonry-container isotope av-js-disabled ' ><div class='av-masonry-entry isotope-item av-masonry-item-no-image all_sort news_sort '><\/div><a href=\"https:\/\/plmfm.pt\/en\/premio-infraspeak-operacao-mais-eficiente\/\" id='av-masonry-1-item-3701' data-av-masonry-item='3701' class='av-masonry-entry isotope-item post-3701 post type-post status-publish format-standard has-post-thumbnail hentry category-news all_sort news_sort  av-masonry-item-with-image' title=\"Pr\u00e9mio Infraspeak \u201cOpera\u00e7\u00e3o mais Eficiente\u201d\"  itemscope=\"itemscope\" itemtype=\"https:\/\/schema.org\/CreativeWork\" ><div class='av-inner-masonry-sizer'><\/div><figure class='av-inner-masonry main_color'><div class=\"av-masonry-outerimage-container\"><div class=\"av-masonry-image-container\" style=\"background-image: url(https:\/\/plmfm.pt\/wp-content\/uploads\/2022\/08\/premio_infraspeak-705x705.png);\"><img decoding=\"async\" src=\"https:\/\/plmfm.pt\/wp-content\/uploads\/2022\/08\/premio_infraspeak-705x705.png\" title=\"premio_infraspeak\" alt=\"\" \/><\/div><\/div><figcaption class='av-inner-masonry-content site-background'><div class='av-inner-masonry-content-pos'><div class='av-inner-masonry-content-pos-content'><div class='avia-arrow'><\/div><h3 class='av-masonry-entry-title entry-title'  itemprop=\"headline\" >Pr\u00e9mio Infraspeak \u201cOpera\u00e7\u00e3o mais Eficiente\u201d<\/h3><div class='av-masonry-entry-content entry-content'  itemprop=\"text\" >A PLM viu refor\u00e7ada a parceria existente com o grupo CAPIT\u00d3LIO, ao lhe ser reiterada a confian\u00e7a na gest\u00e3o das atividades de manuten\u00e7\u00e3o e assist\u00eancia t\u00e9cnica do Porto Business Plaza, na cidade do Porto.<\/div><span class='av-masonry-date meta-color updated'>October 28, 2022<\/span><span class=\"av-masonry-text-sep text-sep-author\">\/<\/span><span class='av-masonry-author meta-color vcard author'><span class='fn'>by plm<\/span><\/span><\/div><\/div><\/figcaption><\/figure><\/a><!--end av-masonry entry--><a href=\"https:\/\/plmfm.pt\/en\/plm-reforca-parceria-com-a-sonae-sierra\/\" id='av-masonry-1-item-3718' data-av-masonry-item='3718' class='av-masonry-entry isotope-item post-3718 post type-post status-publish format-standard has-post-thumbnail hentry category-news all_sort news_sort  av-masonry-item-with-image' title=\"PLM refor\u00e7a parceria com a SONAE SIERRA\"  itemscope=\"itemscope\" itemtype=\"https:\/\/schema.org\/CreativeWork\" ><div class='av-inner-masonry-sizer'><\/div><figure class='av-inner-masonry main_color'><div class=\"av-masonry-outerimage-container\"><div class=\"av-masonry-image-container\" style=\"background-image: url(https:\/\/plmfm.pt\/wp-content\/uploads\/2022\/04\/n4a-705x406.jpg);\"><img decoding=\"async\" src=\"https:\/\/plmfm.pt\/wp-content\/uploads\/2022\/04\/n4a-705x406.jpg\" title=\"Espa\u00e7os Comerciais \u2013 Sonae Sierra\" alt=\"\" \/><\/div><\/div><figcaption class='av-inner-masonry-content site-background'><div class='av-inner-masonry-content-pos'><div class='av-inner-masonry-content-pos-content'><div class='avia-arrow'><\/div><h3 class='av-masonry-entry-title entry-title'  itemprop=\"headline\" >PLM refor\u00e7a parceria com a SONAE SIERRA<\/h3><div class='av-masonry-entry-content entry-content'  itemprop=\"text\" >A PLM viu refor\u00e7ada a parceria existente com a SONAE SIERRA...<\/div><span class='av-masonry-date meta-color updated'>March 28, 2022<\/span><span class=\"av-masonry-text-sep text-sep-author\">\/<\/span><span class='av-masonry-author meta-color vcard author'><span class='fn'>by plm<\/span><\/span><\/div><\/div><\/figcaption><\/figure><\/a><!--end av-masonry entry--><a href=\"https:\/\/plmfm.pt\/en\/banco-montepio-reitera-a-confianca-na-plm\/\" id='av-masonry-1-item-3721' data-av-masonry-item='3721' class='av-masonry-entry isotope-item post-3721 post type-post status-publish format-standard has-post-thumbnail hentry category-news all_sort news_sort  av-masonry-item-with-image' title=\"BANCO MONTEPIO reitera a confian\u00e7a na PLM\"  itemscope=\"itemscope\" itemtype=\"https:\/\/schema.org\/CreativeWork\" ><div class='av-inner-masonry-sizer'><\/div><figure class='av-inner-masonry main_color'><div class=\"av-masonry-outerimage-container\"><div class=\"av-masonry-image-container\" style=\"background-image: url(https:\/\/plmfm.pt\/wp-content\/uploads\/2021\/11\/n1-705x397.png);\"><img decoding=\"async\" src=\"https:\/\/plmfm.pt\/wp-content\/uploads\/2021\/11\/n1-705x397.png\" title=\"Banco Montepio &#8211; Ag\u00eancia\" alt=\"\" \/><\/div><\/div><figcaption class='av-inner-masonry-content site-background'><div class='av-inner-masonry-content-pos'><div class='av-inner-masonry-content-pos-content'><div class='avia-arrow'><\/div><h3 class='av-masonry-entry-title entry-title'  itemprop=\"headline\" >BANCO MONTEPIO reitera a confian\u00e7a na PLM<\/h3><div class='av-masonry-entry-content entry-content'  itemprop=\"text\" >O Banco Montepio confiou \u00e0 PLM a execu\u00e7\u00e3o das atividades de manuten\u00e7\u00e3o preventiva das suas Ag\u00eancias...<\/div><span class='av-masonry-date meta-color updated'>January 2, 2022<\/span><span class=\"av-masonry-text-sep text-sep-author\">\/<\/span><span class='av-masonry-author meta-color vcard author'><span class='fn'>by plm<\/span><\/span><\/div><\/div><\/figcaption><\/figure><\/a><!--end av-masonry entry--><a href=\"https:\/\/plmfm.pt\/en\/fjb-confia-a-plm-a-manutencao-das-suas-novas-instalacoes\/\" id='av-masonry-1-item-3724' data-av-masonry-item='3724' class='av-masonry-entry isotope-item post-3724 post type-post status-publish format-standard has-post-thumbnail hentry category-news all_sort news_sort  av-masonry-item-with-image' title=\"FJB confia \u00e0 PLM a Manuten\u00e7\u00e3o das suas novas instala\u00e7\u00f5es\"  itemscope=\"itemscope\" itemtype=\"https:\/\/schema.org\/CreativeWork\" ><div class='av-inner-masonry-sizer'><\/div><figure class='av-inner-masonry main_color'><div class=\"av-masonry-outerimage-container\"><div class=\"av-masonry-image-container\" style=\"background-image: url(https:\/\/plmfm.pt\/wp-content\/uploads\/2021\/11\/n2.jpg);\"><img decoding=\"async\" src=\"https:\/\/plmfm.pt\/wp-content\/uploads\/2021\/11\/n2.jpg\" title=\"Novo Centro de Investiga\u00e7\u00e3o Fair Journey Biologics, na cidade do Porto\" alt=\"\" \/><\/div><\/div><figcaption class='av-inner-masonry-content site-background'><div class='av-inner-masonry-content-pos'><div class='av-inner-masonry-content-pos-content'><div class='avia-arrow'><\/div><h3 class='av-masonry-entry-title entry-title'  itemprop=\"headline\" >FJB confia \u00e0 PLM a Manuten\u00e7\u00e3o das suas novas instala\u00e7\u00f5es<\/h3><div class='av-masonry-entry-content entry-content'  itemprop=\"text\" >A PLM foi a empresa escolhida como o parceiro da Fair Journey Biologics para as atividades de Hard FM do seu novo centro de investiga\u00e7\u00e3o.<\/div><span class='av-masonry-date meta-color updated'>October 18, 2021<\/span><span class=\"av-masonry-text-sep text-sep-author\">\/<\/span><span class='av-masonry-author meta-color vcard author'><span class='fn'>by plm<\/span><\/span><\/div><\/div><\/figcaption><\/figure><\/a><!--end av-masonry entry--><\/div><div class='av-masonry-pagination av-masonry-pagination-pagination'><nav class='pagination'><span class='pagination-meta'>Page 1 of 0<\/span><\/nav>\n<\/div><\/div><\/div><\/div><\/div><\/div><!-- close content main div --><\/div><\/div><div id='after_section_2' class='main_color av_default_container_wrap container_wrap sidebar_right'   ><div class='container' ><div class='template-page content  av-content-small alpha units'><div class='post-entry post-entry-type-page post-entry-3760'><div class='entry-content-wrapper clearfix'>\n","protected":false},"excerpt":{"rendered":"","protected":false},"author":1,"featured_media":0,"parent":0,"menu_order":0,"comment_status":"closed","ping_status":"closed","template":"","meta":{"footnotes":""},"class_list":["post-3760","page","type-page","status-publish","hentry"],"yoast_head":"<!-- This site is optimized with the Yoast SEO plugin v27.3 - https:\/\/yoast.com\/product\/yoast-seo-wordpress\/ -->\n<title>NEWS - PLM | Facility Management<\/title>\n<meta name=\"description\" content=\"A PLM \u00e9 especialista em Engenharia e Tecnologia de Manuten\u00e7\u00e3o, tendo como miss\u00e3o a valoriza\u00e7\u00e3o e preserva\u00e7\u00e3o do patrim\u00f3nio imobili\u00e1rio dos seus Clientes.\" \/>\n<meta name=\"robots\" content=\"index, follow, max-snippet:-1, max-image-preview:large, max-video-preview:-1\" \/>\n<link rel=\"canonical\" href=\"https:\/\/plmfm.pt\/en\/news\/\" \/>\n<meta property=\"og:locale\" content=\"en_US\" \/>\n<meta property=\"og:type\" content=\"article\" \/>\n<meta property=\"og:title\" content=\"NEWS - PLM | Facility Management\" \/>\n<meta property=\"og:description\" content=\"A PLM \u00e9 especialista em Engenharia e Tecnologia de Manuten\u00e7\u00e3o, tendo como miss\u00e3o a valoriza\u00e7\u00e3o e preserva\u00e7\u00e3o do patrim\u00f3nio imobili\u00e1rio dos seus Clientes.\" \/>\n<meta property=\"og:url\" content=\"https:\/\/plmfm.pt\/en\/news\/\" \/>\n<meta property=\"og:site_name\" content=\"PLM | Facility Management\" \/>\n<meta property=\"article:modified_time\" content=\"2025-08-27T09:42:06+00:00\" \/>\n<meta property=\"og:image\" content=\"https:\/\/plmfm.pt\/wp-content\/uploads\/2016\/05\/logo-1.png\" \/>\n\t<meta property=\"og:image:width\" content=\"394\" \/>\n\t<meta property=\"og:image:height\" content=\"286\" \/>\n\t<meta property=\"og:image:type\" content=\"image\/png\" \/>\n<meta name=\"twitter:card\" content=\"summary_large_image\" \/>\n<meta name=\"twitter:label1\" content=\"Est. reading time\" \/>\n\t<meta name=\"twitter:data1\" content=\"1 minute\" \/>\n<script type=\"application\/ld+json\" class=\"yoast-schema-graph\">{\"@context\":\"https:\\\/\\\/schema.org\",\"@graph\":[{\"@type\":\"WebPage\",\"@id\":\"https:\\\/\\\/plmfm.pt\\\/en\\\/news\\\/\",\"url\":\"https:\\\/\\\/plmfm.pt\\\/en\\\/news\\\/\",\"name\":\"NEWS - PLM | Facility Management\",\"isPartOf\":{\"@id\":\"https:\\\/\\\/plmfm.pt\\\/#website\"},\"datePublished\":\"2021-11-18T11:40:30+00:00\",\"dateModified\":\"2025-08-27T09:42:06+00:00\",\"description\":\"A PLM \u00e9 especialista em Engenharia e Tecnologia de Manuten\u00e7\u00e3o, tendo como miss\u00e3o a valoriza\u00e7\u00e3o e preserva\u00e7\u00e3o do patrim\u00f3nio imobili\u00e1rio dos seus Clientes.\",\"breadcrumb\":{\"@id\":\"https:\\\/\\\/plmfm.pt\\\/en\\\/news\\\/#breadcrumb\"},\"inLanguage\":\"en-US\",\"potentialAction\":[{\"@type\":\"ReadAction\",\"target\":[\"https:\\\/\\\/plmfm.pt\\\/en\\\/news\\\/\"]}]},{\"@type\":\"BreadcrumbList\",\"@id\":\"https:\\\/\\\/plmfm.pt\\\/en\\\/news\\\/#breadcrumb\",\"itemListElement\":[{\"@type\":\"ListItem\",\"position\":1,\"name\":\"Home\",\"item\":\"https:\\\/\\\/plmfm.pt\\\/en\\\/\"},{\"@type\":\"ListItem\",\"position\":2,\"name\":\"NEWS\"}]},{\"@type\":\"WebSite\",\"@id\":\"https:\\\/\\\/plmfm.pt\\\/#website\",\"url\":\"https:\\\/\\\/plmfm.pt\\\/\",\"name\":\"PLM | Facility Management\",\"description\":\"Planeamento e gest\u00e3o de manuten\u00e7\u00e3o\",\"publisher\":{\"@id\":\"https:\\\/\\\/plmfm.pt\\\/#organization\"},\"potentialAction\":[{\"@type\":\"SearchAction\",\"target\":{\"@type\":\"EntryPoint\",\"urlTemplate\":\"https:\\\/\\\/plmfm.pt\\\/?s={search_term_string}\"},\"query-input\":{\"@type\":\"PropertyValueSpecification\",\"valueRequired\":true,\"valueName\":\"search_term_string\"}}],\"inLanguage\":\"en-US\"},{\"@type\":\"Organization\",\"@id\":\"https:\\\/\\\/plmfm.pt\\\/#organization\",\"name\":\"PLM | Facility Management\",\"url\":\"https:\\\/\\\/plmfm.pt\\\/\",\"logo\":{\"@type\":\"ImageObject\",\"inLanguage\":\"en-US\",\"@id\":\"https:\\\/\\\/plmfm.pt\\\/#\\\/schema\\\/logo\\\/image\\\/\",\"url\":\"https:\\\/\\\/plmfm.pt\\\/wp-content\\\/uploads\\\/2016\\\/05\\\/logo-1.png\",\"contentUrl\":\"https:\\\/\\\/plmfm.pt\\\/wp-content\\\/uploads\\\/2016\\\/05\\\/logo-1.png\",\"width\":394,\"height\":286,\"caption\":\"PLM | Facility Management\"},\"image\":{\"@id\":\"https:\\\/\\\/plmfm.pt\\\/#\\\/schema\\\/logo\\\/image\\\/\"},\"sameAs\":[\"https:\\\/\\\/pt.linkedin.com\\\/company\\\/plm---facility-management\"]}]}<\/script>\n<!-- \/ Yoast SEO plugin. -->","yoast_head_json":{"title":"NEWS - PLM | Facility Management","description":"A PLM \u00e9 especialista em Engenharia e Tecnologia de Manuten\u00e7\u00e3o, tendo como miss\u00e3o a valoriza\u00e7\u00e3o e preserva\u00e7\u00e3o do patrim\u00f3nio imobili\u00e1rio dos seus Clientes.","robots":{"index":"index","follow":"follow","max-snippet":"max-snippet:-1","max-image-preview":"max-image-preview:large","max-video-preview":"max-video-preview:-1"},"canonical":"https:\/\/plmfm.pt\/en\/news\/","og_locale":"en_US","og_type":"article","og_title":"NEWS - PLM | Facility Management","og_description":"A PLM \u00e9 especialista em Engenharia e Tecnologia de Manuten\u00e7\u00e3o, tendo como miss\u00e3o a valoriza\u00e7\u00e3o e preserva\u00e7\u00e3o do patrim\u00f3nio imobili\u00e1rio dos seus Clientes.","og_url":"https:\/\/plmfm.pt\/en\/news\/","og_site_name":"PLM | Facility Management","article_modified_time":"2025-08-27T09:42:06+00:00","og_image":[{"width":394,"height":286,"url":"https:\/\/plmfm.pt\/wp-content\/uploads\/2016\/05\/logo-1.png","type":"image\/png"}],"twitter_card":"summary_large_image","twitter_misc":{"Est. reading time":"1 minute"},"schema":{"@context":"https:\/\/schema.org","@graph":[{"@type":"WebPage","@id":"https:\/\/plmfm.pt\/en\/news\/","url":"https:\/\/plmfm.pt\/en\/news\/","name":"NEWS - PLM | Facility Management","isPartOf":{"@id":"https:\/\/plmfm.pt\/#website"},"datePublished":"2021-11-18T11:40:30+00:00","dateModified":"2025-08-27T09:42:06+00:00","description":"A PLM \u00e9 especialista em Engenharia e Tecnologia de Manuten\u00e7\u00e3o, tendo como miss\u00e3o a valoriza\u00e7\u00e3o e preserva\u00e7\u00e3o do patrim\u00f3nio imobili\u00e1rio dos seus Clientes.","breadcrumb":{"@id":"https:\/\/plmfm.pt\/en\/news\/#breadcrumb"},"inLanguage":"en-US","potentialAction":[{"@type":"ReadAction","target":["https:\/\/plmfm.pt\/en\/news\/"]}]},{"@type":"BreadcrumbList","@id":"https:\/\/plmfm.pt\/en\/news\/#breadcrumb","itemListElement":[{"@type":"ListItem","position":1,"name":"Home","item":"https:\/\/plmfm.pt\/en\/"},{"@type":"ListItem","position":2,"name":"NEWS"}]},{"@type":"WebSite","@id":"https:\/\/plmfm.pt\/#website","url":"https:\/\/plmfm.pt\/","name":"PLM | Facility Management","description":"Planeamento e gest\u00e3o de manuten\u00e7\u00e3o","publisher":{"@id":"https:\/\/plmfm.pt\/#organization"},"potentialAction":[{"@type":"SearchAction","target":{"@type":"EntryPoint","urlTemplate":"https:\/\/plmfm.pt\/?s={search_term_string}"},"query-input":{"@type":"PropertyValueSpecification","valueRequired":true,"valueName":"search_term_string"}}],"inLanguage":"en-US"},{"@type":"Organization","@id":"https:\/\/plmfm.pt\/#organization","name":"PLM | Facility Management","url":"https:\/\/plmfm.pt\/","logo":{"@type":"ImageObject","inLanguage":"en-US","@id":"https:\/\/plmfm.pt\/#\/schema\/logo\/image\/","url":"https:\/\/plmfm.pt\/wp-content\/uploads\/2016\/05\/logo-1.png","contentUrl":"https:\/\/plmfm.pt\/wp-content\/uploads\/2016\/05\/logo-1.png","width":394,"height":286,"caption":"PLM | Facility Management"},"image":{"@id":"https:\/\/plmfm.pt\/#\/schema\/logo\/image\/"},"sameAs":["https:\/\/pt.linkedin.com\/company\/plm---facility-management"]}]}},"_links":{"self":[{"href":"https:\/\/plmfm.pt\/en\/wp-json\/wp\/v2\/pages\/3760","targetHints":{"allow":["GET"]}}],"collection":[{"href":"https:\/\/plmfm.pt\/en\/wp-json\/wp\/v2\/pages"}],"about":[{"href":"https:\/\/plmfm.pt\/en\/wp-json\/wp\/v2\/types\/page"}],"author":[{"embeddable":true,"href":"https:\/\/plmfm.pt\/en\/wp-json\/wp\/v2\/users\/1"}],"replies":[{"embeddable":true,"href":"https:\/\/plmfm.pt\/en\/wp-json\/wp\/v2\/comments?post=3760"}],"version-history":[{"count":6,"href":"https:\/\/plmfm.pt\/en\/wp-json\/wp\/v2\/pages\/3760\/revisions"}],"predecessor-version":[{"id":7075,"href":"https:\/\/plmfm.pt\/en\/wp-json\/wp\/v2\/pages\/3760\/revisions\/7075"}],"wp:attachment":[{"href":"https:\/\/plmfm.pt\/en\/wp-json\/wp\/v2\/media?parent=3760"}],"curies":[{"name":"wp","href":"https:\/\/api.w.org\/{rel}","templated":true}]}}