{"id":2856,"date":"2019-10-25T10:16:13","date_gmt":"2019-10-25T10:16:13","guid":{"rendered":"https:\/\/plmfm.pt\/?page_id=2856\/"},"modified":"2023-10-16T08:43:36","modified_gmt":"2023-10-16T08:43:36","slug":"about-us","status":"publish","type":"page","link":"https:\/\/plmfm.pt\/en\/about-us\/","title":{"rendered":"About Us"},"content":{"rendered":"<\/div><\/div><\/div><!-- close content main div --><\/div><\/div><div id='av_section_1' class='avia-section main_color avia-section-default avia-no-border-styling avia-bg-style-scroll   av-arrow-down-section av-minimum-height av-minimum-height-custom container_wrap sidebar_right' style = 'background-color: #d71921; '  ><div class='container' style='height:320px'><div class='template-page content  av-content-small alpha units'><div class='post-entry post-entry-type-page post-entry-2856'><div class='entry-content-wrapper clearfix'>\n<div style='padding-bottom:40px;color:#ffffff;font-size:42px;' class='av-special-heading av-special-heading-h2 custom-color-heading blockquote modern-quote  av-inherit-size '><h2 class='av-special-heading-tag '  itemprop=\"headline\"  >About Us<\/h2><div class='special-heading-border'><div class='special-heading-inner-border' style='border-color:#ffffff'><\/div><\/div><\/div>\n<\/div><\/div><\/div><!-- close content main div --><\/div><div class='av-extra-border-element border-extra-arrow-down'><div class='av-extra-border-outer'><div class='av-extra-border-inner'  style='background-color:#d71921;' ><\/div><\/div><\/div><\/div><div id='after_section_1' class='main_color av_default_container_wrap container_wrap sidebar_right'   ><div class='container' ><div class='template-page content  av-content-small alpha units'><div class='post-entry post-entry-type-page post-entry-2856'><div class='entry-content-wrapper clearfix'>\n<\/div><\/div><\/div><!-- close content main div --><\/div><div class='av-extra-border-element border-extra-arrow-down'><div class='av-extra-border-outer'><div class='av-extra-border-inner'  style='background-color:#d71921;' ><\/div><\/div><\/div><\/div><div id='av_section_2' class='avia-section main_color avia-section-default avia-no-border-styling avia-bg-style-scroll   av-minimum-height av-minimum-height-custom container_wrap sidebar_right'   ><div class='container' style='height:100px'><div class='template-page content  av-content-small alpha units'><div class='post-entry post-entry-type-page post-entry-2856'><div class='entry-content-wrapper clearfix'>\n<div class=\"flex_column av_one_full  flex_column_div av-zero-column-padding first  \" style='border-radius:0px; '><section class=\"av_textblock_section \"  itemscope=\"itemscope\" itemtype=\"https:\/\/schema.org\/CreativeWork\" ><div class='avia_textblock  '  style='font-size:15px; '  itemprop=\"text\" ><p><strong><span style=\"color: #d71920;\">PLM\u00a0<\/span><\/strong>performs a large range of services, management services, operation and execution of maintenance activities and fit-out woks.<\/p>\n<p><strong><span style=\"color: #d71920;\">PLM <\/span><\/strong>has been performing complex activities, within bank, Insurance, data Centers, Building Offices, Shopiing Centres and Pharmaceutics, industries.<\/p>\n<p><img loading=\"lazy\" decoding=\"async\" class=\"aligncenter wp-image-2836\" src=\"https:\/\/plmfm.pt\/wp-content\/uploads\/2019\/10\/12990_sitePLM_Jul2019_ESQUEMA_af_ING-300x278.png\" alt=\"\" width=\"500\" height=\"463\" srcset=\"https:\/\/plmfm.pt\/wp-content\/uploads\/2019\/10\/12990_sitePLM_Jul2019_ESQUEMA_af_ING-300x278.png 300w, https:\/\/plmfm.pt\/wp-content\/uploads\/2019\/10\/12990_sitePLM_Jul2019_ESQUEMA_af_ING-768x711.png 768w, https:\/\/plmfm.pt\/wp-content\/uploads\/2019\/10\/12990_sitePLM_Jul2019_ESQUEMA_af_ING-1030x954.png 1030w, https:\/\/plmfm.pt\/wp-content\/uploads\/2019\/10\/12990_sitePLM_Jul2019_ESQUEMA_af_ING-705x653.png 705w, https:\/\/plmfm.pt\/wp-content\/uploads\/2019\/10\/12990_sitePLM_Jul2019_ESQUEMA_af_ING-450x417.png 450w, https:\/\/plmfm.pt\/wp-content\/uploads\/2019\/10\/12990_sitePLM_Jul2019_ESQUEMA_af_ING.png 1200w\" sizes=\"auto, (max-width: 500px) 100vw, 500px\" \/><\/p>\n<p>PLM&#8217;s professional <strong><span style=\"color: #d71920;\">team<\/span><\/strong> is made up of specialists, experts in understanding and meeting the specific needs of each Costumer by using innovative solutions adapted to the realities of each job. PLM&#8217;s success lies in building multidisciplinary teams that enable it to share knowledge, resulting in provision of services that incorporate the best professional practice.<\/p>\n<p>PLM&#8217;s <strong><span style=\"color: #d71920;\">services<\/span><\/strong> have been designed to build innovative, technology-based solutions capable of covering the requirements of the Corporate market. Its working methodology has been developed and perfected according to the needs of the Costumer, through value creation, service excellence and customer satisfaction, accordingly with the local legislation and international standards applicable and delivered by mobile and resident teams that ensure coverage across Portugal.<\/p>\n<p>In providing PLM&#8217;s services, <strong><span style=\"color: #d71920;\">technology<\/span><\/strong> plays a predominant and decisive role in supervising and monitoring all business areas. The Company has\u00a0 a strategic partnership with a technology company and uses in-house software for this purpose. This enables Costumer to access and consult all the necessary information and indicators or even managing their business by mobile phone. Whether in the office or anywhere in the world, infrastructure management, preventive and corrective maintenance, special works and many other functions are just a click away. The technology has been designed to provide the Costumer with access to all available information for effective and efficient Facility Management, globally, on an end-to-end basis<em>.<\/em><\/p>\n<\/div><\/section><\/div>\n<\/div><\/div><\/div><!-- close content main div --><\/div><\/div><div id='after_section_2' class='main_color av_default_container_wrap container_wrap sidebar_right'   ><div class='container' ><div class='template-page content  av-content-small alpha units'><div class='post-entry post-entry-type-page post-entry-2856'><div class='entry-content-wrapper clearfix'>\n<\/div><\/div><\/div><!-- close content main div --><\/div><\/div><div id='footer_apres' class='avia-section main_color avia-section-large avia-no-shadow avia-bg-style-scroll   av-desktop-hide av-medium-hide av-small-hide av-mini-hide container_wrap sidebar_right' style = 'background-color: #d71920; '  ><div class='container' ><div class='template-page content  av-content-small alpha units'><div class='post-entry post-entry-type-page post-entry-2856'><div class='entry-content-wrapper clearfix'>\n<div style='padding-bottom:20px;color:#ffffff;' class='av-special-heading av-special-heading-h3 custom-color-heading blockquote modern-quote modern-centered   '><h3 class='av-special-heading-tag '  itemprop=\"headline\"  >DOWNLOAD PLM\u2019S PRESENTATION HERE<\/h3><div class='special-heading-border'><div class='special-heading-inner-border' style='border-color:#ffffff'><\/div><\/div><\/div>\n<div class=\"flex_column av_one_fourth  flex_column_div av-zero-column-padding first  \" style='border-radius:0px; '><\/div><div class=\"flex_column av_one_fourth  flex_column_div av-zero-column-padding   \" style='border-radius:0px; '><div class='avia-image-container  av-styling-no-styling    avia-align-center '  itemprop=\"ImageObject\" itemscope=\"itemscope\" itemtype=\"https:\/\/schema.org\/ImageObject\"  ><div class='avia-image-container-inner'><a href='https:\/\/plmfm.pt\/wp-content\/uploads\/2022\/04\/Apresentacao20PLM_PT_af.pdf' class='avia_image'   target=\"_blank\" ><img class='avia_image ' src='https:\/\/plmfm.pt\/wp-content\/uploads\/2019\/07\/Asset-4.png' alt='Portugu\u00eas' title=''  itemprop=\"thumbnailUrl\"  \/><\/a><\/div><\/div><\/div><div class=\"flex_column av_one_fourth  flex_column_div av-zero-column-padding   \" style='border-radius:0px; '><div class='avia-image-container  av-styling-    avia-align-center '  itemprop=\"ImageObject\" itemscope=\"itemscope\" itemtype=\"https:\/\/schema.org\/ImageObject\"  ><div class='avia-image-container-inner'><a href='https:\/\/plmfm.pt\/wp-content\/uploads\/2022\/04\/Apresentacao20PLM_ING_af.pdf' class='avia_image'   target=\"_blank\" ><img class='avia_image ' src='https:\/\/plmfm.pt\/wp-content\/uploads\/2019\/07\/Asset-1.png' alt='Ingl\u00eas' title=''  itemprop=\"thumbnailUrl\"  \/><\/a><\/div><\/div><\/div><div class=\"flex_column av_one_fourth  flex_column_div av-zero-column-padding   \" style='border-radius:0px; '><\/div><div style='height:50px' class='hr hr-invisible  '><span class='hr-inner ' ><span class='hr-inner-style'><\/span><\/span><\/div>\n<section class=\"avia_codeblock_section  avia_code_block_0\"  itemscope=\"itemscope\" itemtype=\"https:\/\/schema.org\/CreativeWork\" ><div class='avia_codeblock '  itemprop=\"text\" > [avia_codeblock_placeholder uid=\"0\"] <\/div><\/section>\n<\/div><\/div><\/div><!-- close content main div --><\/div><\/div><div id='after_section_3' class='main_color av_default_container_wrap container_wrap sidebar_right'   ><div class='container' ><div class='template-page content  av-content-small alpha units'><div class='post-entry post-entry-type-page post-entry-2856'><div class='entry-content-wrapper clearfix'>\n<\/div><\/div><\/div><!-- close content main div --><\/div><\/div><div id='footer_apres' class='avia-section main_color avia-section-large avia-no-shadow avia-bg-style-scroll   av-desktop-hide av-medium-hide av-small-hide av-mini-hide container_wrap sidebar_right' style = 'background-color: #d71920; '  ><div class='container' ><div class='template-page content  av-content-small alpha units'><div class='post-entry post-entry-type-page post-entry-2856'><div class='entry-content-wrapper clearfix'>\n<div style='padding-bottom:20px;color:#ffffff;' class='av-special-heading av-special-heading-h3 custom-color-heading blockquote modern-quote modern-centered   '><h3 class='av-special-heading-tag '  itemprop=\"headline\"  >DOWNLOAD PLM\u2019S PRESENTATION HERE<\/h3><div class='special-heading-border'><div class='special-heading-inner-border' style='border-color:#ffffff'><\/div><\/div><\/div>\n<div class=\"flex_column av_one_fourth  flex_column_div av-zero-column-padding first  \" style='border-radius:0px; '><div class='avia-image-container  av-styling-no-styling    avia-align-center '  itemprop=\"ImageObject\" itemscope=\"itemscope\" itemtype=\"https:\/\/schema.org\/ImageObject\"  ><div class='avia-image-container-inner'><a href='https:\/\/plmfm.pt\/wp-content\/uploads\/2022\/04\/Apresentacao20PLM_PT_af.pdf' class='avia_image'   target=\"_blank\" ><img class='avia_image ' src='https:\/\/plmfm.pt\/wp-content\/uploads\/2019\/07\/Asset-4.png' alt='Portugu\u00eas' title=''  itemprop=\"thumbnailUrl\"  \/><\/a><\/div><\/div><\/div><div class=\"flex_column av_one_fourth  flex_column_div av-zero-column-padding   \" style='border-radius:0px; '><div class='avia-image-container  av-styling-    avia-align-center '  itemprop=\"ImageObject\" itemscope=\"itemscope\" itemtype=\"https:\/\/schema.org\/ImageObject\"  ><div class='avia-image-container-inner'><a href='https:\/\/plmfm.pt\/wp-content\/uploads\/2019\/07\/Apresentacao_PLM_ES_af.pdf' class='avia_image'   target=\"_blank\" ><img class='avia_image ' src='https:\/\/plmfm.pt\/wp-content\/uploads\/2019\/07\/Asset-3.png' alt='Espanhol' title=''  itemprop=\"thumbnailUrl\"  \/><\/a><\/div><\/div><\/div><div class=\"flex_column av_one_fourth  flex_column_div av-zero-column-padding   \" style='border-radius:0px; '><div class='avia-image-container  av-styling-    avia-align-center '  itemprop=\"ImageObject\" itemscope=\"itemscope\" itemtype=\"https:\/\/schema.org\/ImageObject\"  ><div class='avia-image-container-inner'><a href='https:\/\/plmfm.pt\/wp-content\/uploads\/2019\/07\/Apresentacao_PLM_FR_af.pdf' class='avia_image'   target=\"_blank\" ><img class='avia_image ' src='https:\/\/plmfm.pt\/wp-content\/uploads\/2019\/07\/Asset-2.png' alt='Franc\u00eas' title=''  itemprop=\"thumbnailUrl\"  \/><\/a><\/div><\/div><\/div><div class=\"flex_column av_one_fourth  flex_column_div av-zero-column-padding   \" style='border-radius:0px; '><div class='avia-image-container  av-styling-    avia-align-center '  itemprop=\"ImageObject\" itemscope=\"itemscope\" itemtype=\"https:\/\/schema.org\/ImageObject\"  ><div class='avia-image-container-inner'><a href='https:\/\/plmfm.pt\/wp-content\/uploads\/2022\/04\/Apresentacao20PLM_ING_af.pdf' class='avia_image'   target=\"_blank\" ><img class='avia_image ' src='https:\/\/plmfm.pt\/wp-content\/uploads\/2019\/07\/Asset-1.png' alt='Ingl\u00eas' title=''  itemprop=\"thumbnailUrl\"  \/><\/a><\/div><\/div><\/div><div style='height:50px' class='hr hr-invisible  '><span class='hr-inner ' ><span class='hr-inner-style'><\/span><\/span><\/div>\n<section class=\"avia_codeblock_section  avia_code_block_1\"  itemscope=\"itemscope\" itemtype=\"https:\/\/schema.org\/CreativeWork\" ><div class='avia_codeblock '  itemprop=\"text\" > [avia_codeblock_placeholder uid=\"1\"] <\/div><\/section>\n<\/div><\/div><\/div><!-- close content main div --><\/div><\/div><div id='after_section_4' class='main_color av_default_container_wrap container_wrap sidebar_right'   ><div class='container' ><div class='template-page content  av-content-small alpha units'><div class='post-entry post-entry-type-page post-entry-2856'><div class='entry-content-wrapper clearfix'>\n","protected":false},"excerpt":{"rendered":"","protected":false},"author":1,"featured_media":0,"parent":0,"menu_order":0,"comment_status":"closed","ping_status":"closed","template":"","meta":{"footnotes":""},"class_list":["post-2856","page","type-page","status-publish","hentry"],"yoast_head":"<!-- This site is optimized with the Yoast SEO plugin v27.4 - https:\/\/yoast.com\/product\/yoast-seo-wordpress\/ -->\n<title>About Us - PLM | Facility Management<\/title>\n<meta name=\"robots\" content=\"index, follow, max-snippet:-1, max-image-preview:large, max-video-preview:-1\" \/>\n<link rel=\"canonical\" href=\"https:\/\/plmfm.pt\/en\/about-us\/\" \/>\n<meta property=\"og:locale\" content=\"en_US\" \/>\n<meta property=\"og:type\" content=\"article\" \/>\n<meta property=\"og:title\" content=\"About Us - PLM | Facility Management\" \/>\n<meta property=\"og:url\" content=\"https:\/\/plmfm.pt\/en\/about-us\/\" \/>\n<meta property=\"og:site_name\" content=\"PLM | Facility Management\" \/>\n<meta property=\"article:modified_time\" content=\"2023-10-16T08:43:36+00:00\" \/>\n<meta property=\"og:image\" content=\"https:\/\/plmfm.pt\/wp-content\/uploads\/2019\/10\/12990_sitePLM_Jul2019_ESQUEMA_af_ING-300x278.png\" \/>\n<meta name=\"twitter:card\" content=\"summary_large_image\" \/>\n<meta name=\"twitter:label1\" content=\"Est. reading time\" \/>\n\t<meta name=\"twitter:data1\" content=\"5 minutes\" \/>\n<script type=\"application\/ld+json\" class=\"yoast-schema-graph\">{\"@context\":\"https:\\\/\\\/schema.org\",\"@graph\":[{\"@type\":\"WebPage\",\"@id\":\"https:\\\/\\\/plmfm.pt\\\/en\\\/about-us\\\/\",\"url\":\"https:\\\/\\\/plmfm.pt\\\/en\\\/about-us\\\/\",\"name\":\"About Us - PLM | Facility Management\",\"isPartOf\":{\"@id\":\"https:\\\/\\\/plmfm.pt\\\/#website\"},\"primaryImageOfPage\":{\"@id\":\"https:\\\/\\\/plmfm.pt\\\/en\\\/about-us\\\/#primaryimage\"},\"image\":{\"@id\":\"https:\\\/\\\/plmfm.pt\\\/en\\\/about-us\\\/#primaryimage\"},\"thumbnailUrl\":\"https:\\\/\\\/plmfm.pt\\\/wp-content\\\/uploads\\\/2019\\\/10\\\/12990_sitePLM_Jul2019_ESQUEMA_af_ING-300x278.png\",\"datePublished\":\"2019-10-25T10:16:13+00:00\",\"dateModified\":\"2023-10-16T08:43:36+00:00\",\"breadcrumb\":{\"@id\":\"https:\\\/\\\/plmfm.pt\\\/en\\\/about-us\\\/#breadcrumb\"},\"inLanguage\":\"en-US\",\"potentialAction\":[{\"@type\":\"ReadAction\",\"target\":[\"https:\\\/\\\/plmfm.pt\\\/en\\\/about-us\\\/\"]}]},{\"@type\":\"ImageObject\",\"inLanguage\":\"en-US\",\"@id\":\"https:\\\/\\\/plmfm.pt\\\/en\\\/about-us\\\/#primaryimage\",\"url\":\"https:\\\/\\\/plmfm.pt\\\/wp-content\\\/uploads\\\/2019\\\/10\\\/12990_sitePLM_Jul2019_ESQUEMA_af_ING-300x278.png\",\"contentUrl\":\"https:\\\/\\\/plmfm.pt\\\/wp-content\\\/uploads\\\/2019\\\/10\\\/12990_sitePLM_Jul2019_ESQUEMA_af_ING-300x278.png\"},{\"@type\":\"BreadcrumbList\",\"@id\":\"https:\\\/\\\/plmfm.pt\\\/en\\\/about-us\\\/#breadcrumb\",\"itemListElement\":[{\"@type\":\"ListItem\",\"position\":1,\"name\":\"Home\",\"item\":\"https:\\\/\\\/plmfm.pt\\\/en\\\/\"},{\"@type\":\"ListItem\",\"position\":2,\"name\":\"About Us\"}]},{\"@type\":\"WebSite\",\"@id\":\"https:\\\/\\\/plmfm.pt\\\/#website\",\"url\":\"https:\\\/\\\/plmfm.pt\\\/\",\"name\":\"PLM | Facility Management\",\"description\":\"Planeamento e gest\u00e3o de manuten\u00e7\u00e3o\",\"publisher\":{\"@id\":\"https:\\\/\\\/plmfm.pt\\\/#organization\"},\"potentialAction\":[{\"@type\":\"SearchAction\",\"target\":{\"@type\":\"EntryPoint\",\"urlTemplate\":\"https:\\\/\\\/plmfm.pt\\\/?s={search_term_string}\"},\"query-input\":{\"@type\":\"PropertyValueSpecification\",\"valueRequired\":true,\"valueName\":\"search_term_string\"}}],\"inLanguage\":\"en-US\"},{\"@type\":\"Organization\",\"@id\":\"https:\\\/\\\/plmfm.pt\\\/#organization\",\"name\":\"PLM | Facility Management\",\"url\":\"https:\\\/\\\/plmfm.pt\\\/\",\"logo\":{\"@type\":\"ImageObject\",\"inLanguage\":\"en-US\",\"@id\":\"https:\\\/\\\/plmfm.pt\\\/#\\\/schema\\\/logo\\\/image\\\/\",\"url\":\"https:\\\/\\\/plmfm.pt\\\/wp-content\\\/uploads\\\/2016\\\/05\\\/logo-1.png\",\"contentUrl\":\"https:\\\/\\\/plmfm.pt\\\/wp-content\\\/uploads\\\/2016\\\/05\\\/logo-1.png\",\"width\":394,\"height\":286,\"caption\":\"PLM | Facility Management\"},\"image\":{\"@id\":\"https:\\\/\\\/plmfm.pt\\\/#\\\/schema\\\/logo\\\/image\\\/\"},\"sameAs\":[\"https:\\\/\\\/pt.linkedin.com\\\/company\\\/plm---facility-management\"]}]}<\/script>\n<!-- \/ Yoast SEO plugin. -->","yoast_head_json":{"title":"About Us - PLM | Facility Management","robots":{"index":"index","follow":"follow","max-snippet":"max-snippet:-1","max-image-preview":"max-image-preview:large","max-video-preview":"max-video-preview:-1"},"canonical":"https:\/\/plmfm.pt\/en\/about-us\/","og_locale":"en_US","og_type":"article","og_title":"About Us - PLM | Facility Management","og_url":"https:\/\/plmfm.pt\/en\/about-us\/","og_site_name":"PLM | Facility Management","article_modified_time":"2023-10-16T08:43:36+00:00","og_image":[{"url":"https:\/\/plmfm.pt\/wp-content\/uploads\/2019\/10\/12990_sitePLM_Jul2019_ESQUEMA_af_ING-300x278.png","type":"","width":"","height":""}],"twitter_card":"summary_large_image","twitter_misc":{"Est. reading time":"5 minutes"},"schema":{"@context":"https:\/\/schema.org","@graph":[{"@type":"WebPage","@id":"https:\/\/plmfm.pt\/en\/about-us\/","url":"https:\/\/plmfm.pt\/en\/about-us\/","name":"About Us - PLM | Facility Management","isPartOf":{"@id":"https:\/\/plmfm.pt\/#website"},"primaryImageOfPage":{"@id":"https:\/\/plmfm.pt\/en\/about-us\/#primaryimage"},"image":{"@id":"https:\/\/plmfm.pt\/en\/about-us\/#primaryimage"},"thumbnailUrl":"https:\/\/plmfm.pt\/wp-content\/uploads\/2019\/10\/12990_sitePLM_Jul2019_ESQUEMA_af_ING-300x278.png","datePublished":"2019-10-25T10:16:13+00:00","dateModified":"2023-10-16T08:43:36+00:00","breadcrumb":{"@id":"https:\/\/plmfm.pt\/en\/about-us\/#breadcrumb"},"inLanguage":"en-US","potentialAction":[{"@type":"ReadAction","target":["https:\/\/plmfm.pt\/en\/about-us\/"]}]},{"@type":"ImageObject","inLanguage":"en-US","@id":"https:\/\/plmfm.pt\/en\/about-us\/#primaryimage","url":"https:\/\/plmfm.pt\/wp-content\/uploads\/2019\/10\/12990_sitePLM_Jul2019_ESQUEMA_af_ING-300x278.png","contentUrl":"https:\/\/plmfm.pt\/wp-content\/uploads\/2019\/10\/12990_sitePLM_Jul2019_ESQUEMA_af_ING-300x278.png"},{"@type":"BreadcrumbList","@id":"https:\/\/plmfm.pt\/en\/about-us\/#breadcrumb","itemListElement":[{"@type":"ListItem","position":1,"name":"Home","item":"https:\/\/plmfm.pt\/en\/"},{"@type":"ListItem","position":2,"name":"About Us"}]},{"@type":"WebSite","@id":"https:\/\/plmfm.pt\/#website","url":"https:\/\/plmfm.pt\/","name":"PLM | Facility Management","description":"Planeamento e gest\u00e3o de manuten\u00e7\u00e3o","publisher":{"@id":"https:\/\/plmfm.pt\/#organization"},"potentialAction":[{"@type":"SearchAction","target":{"@type":"EntryPoint","urlTemplate":"https:\/\/plmfm.pt\/?s={search_term_string}"},"query-input":{"@type":"PropertyValueSpecification","valueRequired":true,"valueName":"search_term_string"}}],"inLanguage":"en-US"},{"@type":"Organization","@id":"https:\/\/plmfm.pt\/#organization","name":"PLM | Facility Management","url":"https:\/\/plmfm.pt\/","logo":{"@type":"ImageObject","inLanguage":"en-US","@id":"https:\/\/plmfm.pt\/#\/schema\/logo\/image\/","url":"https:\/\/plmfm.pt\/wp-content\/uploads\/2016\/05\/logo-1.png","contentUrl":"https:\/\/plmfm.pt\/wp-content\/uploads\/2016\/05\/logo-1.png","width":394,"height":286,"caption":"PLM | Facility Management"},"image":{"@id":"https:\/\/plmfm.pt\/#\/schema\/logo\/image\/"},"sameAs":["https:\/\/pt.linkedin.com\/company\/plm---facility-management"]}]}},"_links":{"self":[{"href":"https:\/\/plmfm.pt\/en\/wp-json\/wp\/v2\/pages\/2856","targetHints":{"allow":["GET"]}}],"collection":[{"href":"https:\/\/plmfm.pt\/en\/wp-json\/wp\/v2\/pages"}],"about":[{"href":"https:\/\/plmfm.pt\/en\/wp-json\/wp\/v2\/types\/page"}],"author":[{"embeddable":true,"href":"https:\/\/plmfm.pt\/en\/wp-json\/wp\/v2\/users\/1"}],"replies":[{"embeddable":true,"href":"https:\/\/plmfm.pt\/en\/wp-json\/wp\/v2\/comments?post=2856"}],"version-history":[{"count":9,"href":"https:\/\/plmfm.pt\/en\/wp-json\/wp\/v2\/pages\/2856\/revisions"}],"predecessor-version":[{"id":4561,"href":"https:\/\/plmfm.pt\/en\/wp-json\/wp\/v2\/pages\/2856\/revisions\/4561"}],"wp:attachment":[{"href":"https:\/\/plmfm.pt\/en\/wp-json\/wp\/v2\/media?parent=2856"}],"curies":[{"name":"wp","href":"https:\/\/api.w.org\/{rel}","templated":true}]}}