{"id":1949,"date":"2016-06-30T11:55:06","date_gmt":"2016-06-30T11:55:06","guid":{"rendered":"http:\/\/plmfm.pt\/?page_id=1949&#038;lang=en"},"modified":"2025-08-28T08:39:04","modified_gmt":"2025-08-28T08:39:04","slug":"buildings","status":"publish","type":"page","link":"https:\/\/plmfm.pt\/en\/buildings\/","title":{"rendered":"Buildings"},"content":{"rendered":"<\/div><\/div><\/div><!-- close content main div --><\/div><\/div><div id='av_section_1' class='avia-section main_color avia-section-default avia-no-border-styling avia-full-stretch avia-bg-style-scroll   container_wrap sidebar_right' style = 'background-color: #d71923; background-repeat: no-repeat; background-image: url(https:\/\/plmfm.pt\/wp-content\/uploads\/2016\/06\/slide_area_edificios-2.jpg); background-attachment: scroll; background-position: bottom center; ' data-section-bg-repeat='stretch' ><div class='container' ><div class='template-page content  av-content-small alpha units'><div class='post-entry post-entry-type-page post-entry-1949'><div class='entry-content-wrapper clearfix'>\n<div class='avia-image-container  av-styling-    avia-align-center '  itemprop=\"ImageObject\" itemscope=\"itemscope\" itemtype=\"https:\/\/schema.org\/ImageObject\"  ><div class='avia-image-container-inner'><img class='avia_image ' src='https:\/\/plmfm.pt\/wp-content\/uploads\/2016\/06\/area_edifcios-3-2.png' alt='' title=''   itemprop=\"thumbnailUrl\"  \/><\/div><\/div>\n<\/div><\/div><\/div><!-- close content main div --><\/div><\/div><div id='after_section_1' class='main_color av_default_container_wrap container_wrap sidebar_right'   ><div class='container' ><div class='template-page content  av-content-small alpha units'><div class='post-entry post-entry-type-page post-entry-1949'><div class='entry-content-wrapper clearfix'>\n<div class=\"flex_column av_one_fifth  flex_column_div av-zero-column-padding first  \" style='border-radius:0px; '><\/div>\n<div class=\"flex_column av_three_fifth  av-animated-generic top-to-bottom  flex_column_div   \" style='padding:15px; background-color:#ededed; border-radius:0px; '><section class=\"av_textblock_section \"  itemscope=\"itemscope\" itemtype=\"https:\/\/schema.org\/CreativeWork\" ><div class='avia_textblock  av_inherit_color '  style='font-size:16px; color:#2f2f2f; '  itemprop=\"text\" ><p><span style=\"color: #d71920;\">\\\\\u00a0<\/span>With several years of experience working with Bank and Insurance companies and critical facilities, PLM has technical expertise and experience working for the IT, Pharma, Communications, Retail and Media industries.<\/p>\n<\/div><\/section><\/div>\n<div class=\"flex_column av_one_fifth  flex_column_div av-zero-column-padding   \" style='border-radius:0px; '><\/div>\n<div class=\"flex_column av_one_fifth  flex_column_div av-zero-column-padding first  \" style='border-radius:0px; '><\/div>\n<div class=\"flex_column av_three_fifth  av-animated-generic top-to-bottom  flex_column_div   \" style='padding:0px 15px 0px 15px ; border-radius:0px; '><section class=\"av_textblock_section \"  itemscope=\"itemscope\" itemtype=\"https:\/\/schema.org\/CreativeWork\" ><div class='avia_textblock  av_inherit_color '  style='font-size:16px; color:#2f2f2f; '  itemprop=\"text\" ><p><span style=\"color: #d71920;\">\\\\\u00a0<\/span><span style=\"color: #000000;\">Bank &amp; Insurance Offices<\/span><\/p>\n<hr \/>\n<p><span style=\"color: #d71920;\">\\\\\u00a0<span style=\"color: #000000;\">Data Centers &amp; IT infrastructures<\/span><\/span><\/p>\n<hr \/>\n<p><span style=\"color: #d71920;\">\\\\\u00a0<span style=\"color: #000000;\">Contact Centers<\/span><\/span><\/p>\n<hr \/>\n<p><span style=\"color: #d71920;\">\\\\ <span style=\"color: #000000;\">Office Buildings<\/span><\/span><\/p>\n<hr \/>\n<p><span style=\"color: #d71920;\">\\\\\u00a0<\/span><span style=\"color: #000000;\">Office and Business Parks<\/span><\/p>\n<hr \/>\n<p><span style=\"color: #d71920;\">\\\\ <\/span><span style=\"color: #000000;\">Shopping Centers and retail parks<\/span><\/p>\n<hr \/>\n<\/div><\/section><\/div>\n<div class=\"flex_column av_one_fifth  flex_column_div av-zero-column-padding   \" style='border-radius:0px; '><\/div>\n<\/div><\/div><\/div><!-- close content main div --><\/div><\/div><div id='av_section_2' class='avia-section main_color avia-section-small avia-no-shadow avia-bg-style-scroll   container_wrap sidebar_right'   ><div class='container' ><div class='template-page content  av-content-small alpha units'><div class='post-entry post-entry-type-page post-entry-1949'><div class='entry-content-wrapper clearfix'>\n<div  data-autoplay='true'  data-interval='3'  data-animation='slide'  class='avia-logo-element-container av-border-deactivate avia-logo-slider avia-content-slider avia-smallarrow-slider avia-content-slider-active noHover avia-content-slider1 avia-content-slider-even  ' ><div class='avia-smallarrow-slider-heading  no-logo-slider-navigation  no-logo-slider-heading '><\/div><div class='avia-content-slider-inner'><div class='slide-entry-wrap'  itemprop=\"ImageObject\" itemscope=\"itemscope\" itemtype=\"https:\/\/schema.org\/ImageObject\" ><div  class='slide-entry flex_column no_margin post-entry slide-entry-overview slide-loop-1 slide-parity-odd  av_one_sixth first real-thumbnail'><img loading=\"lazy\" decoding=\"async\"  itemprop=\"thumbnailUrl\"  width=\"600\" height=\"300\" src=\"https:\/\/plmfm.pt\/wp-content\/uploads\/2022\/07\/3_eurobic.png\" class=\"attachment-no scaling size-no scaling\" alt=\"\" srcset=\"https:\/\/plmfm.pt\/wp-content\/uploads\/2022\/07\/3_eurobic.png 600w, https:\/\/plmfm.pt\/wp-content\/uploads\/2022\/07\/3_eurobic-300x150.png 300w, https:\/\/plmfm.pt\/wp-content\/uploads\/2022\/07\/3_eurobic-450x225.png 450w\" sizes=\"auto, (max-width: 600px) 100vw, 600px\" \/><\/div><div  class='slide-entry flex_column no_margin post-entry slide-entry-overview slide-loop-2 slide-parity-even  av_one_sixth  real-thumbnail'><img loading=\"lazy\" decoding=\"async\"  itemprop=\"thumbnailUrl\"  width=\"600\" height=\"300\" src=\"https:\/\/plmfm.pt\/wp-content\/uploads\/2022\/07\/5_montepio.png\" class=\"attachment-no scaling size-no scaling\" alt=\"\" srcset=\"https:\/\/plmfm.pt\/wp-content\/uploads\/2022\/07\/5_montepio.png 600w, https:\/\/plmfm.pt\/wp-content\/uploads\/2022\/07\/5_montepio-300x150.png 300w, https:\/\/plmfm.pt\/wp-content\/uploads\/2022\/07\/5_montepio-450x225.png 450w\" sizes=\"auto, (max-width: 600px) 100vw, 600px\" \/><\/div><div  class='slide-entry flex_column no_margin post-entry slide-entry-overview slide-loop-3 slide-parity-odd  av_one_sixth  real-thumbnail'><img loading=\"lazy\" decoding=\"async\"  itemprop=\"thumbnailUrl\"  width=\"600\" height=\"300\" src=\"https:\/\/plmfm.pt\/wp-content\/uploads\/2022\/07\/6_abb.png\" class=\"attachment-no scaling size-no scaling\" alt=\"\" srcset=\"https:\/\/plmfm.pt\/wp-content\/uploads\/2022\/07\/6_abb.png 600w, https:\/\/plmfm.pt\/wp-content\/uploads\/2022\/07\/6_abb-300x150.png 300w, https:\/\/plmfm.pt\/wp-content\/uploads\/2022\/07\/6_abb-450x225.png 450w\" sizes=\"auto, (max-width: 600px) 100vw, 600px\" \/><\/div><div  class='slide-entry flex_column no_margin post-entry slide-entry-overview slide-loop-4 slide-parity-even  av_one_sixth  real-thumbnail'><img loading=\"lazy\" decoding=\"async\"  itemprop=\"thumbnailUrl\"  width=\"600\" height=\"300\" src=\"https:\/\/plmfm.pt\/wp-content\/uploads\/2022\/07\/6_zurich.png\" class=\"attachment-no scaling size-no scaling\" alt=\"\" srcset=\"https:\/\/plmfm.pt\/wp-content\/uploads\/2022\/07\/6_zurich.png 600w, https:\/\/plmfm.pt\/wp-content\/uploads\/2022\/07\/6_zurich-300x150.png 300w, https:\/\/plmfm.pt\/wp-content\/uploads\/2022\/07\/6_zurich-450x225.png 450w\" sizes=\"auto, (max-width: 600px) 100vw, 600px\" \/><\/div><div  class='slide-entry flex_column no_margin post-entry slide-entry-overview slide-loop-5 slide-parity-odd  av_one_sixth  real-thumbnail'><img loading=\"lazy\" decoding=\"async\"  itemprop=\"thumbnailUrl\"  width=\"600\" height=\"300\" src=\"https:\/\/plmfm.pt\/wp-content\/uploads\/2022\/07\/8_arrow.png\" class=\"attachment-no scaling size-no scaling\" alt=\"\" srcset=\"https:\/\/plmfm.pt\/wp-content\/uploads\/2022\/07\/8_arrow.png 600w, https:\/\/plmfm.pt\/wp-content\/uploads\/2022\/07\/8_arrow-300x150.png 300w, https:\/\/plmfm.pt\/wp-content\/uploads\/2022\/07\/8_arrow-450x225.png 450w\" sizes=\"auto, (max-width: 600px) 100vw, 600px\" \/><\/div><div  class='slide-entry flex_column no_margin post-entry slide-entry-overview slide-loop-6 slide-parity-even  av_one_sixth  real-thumbnail'><img loading=\"lazy\" decoding=\"async\"  itemprop=\"thumbnailUrl\"  width=\"600\" height=\"300\" src=\"https:\/\/plmfm.pt\/wp-content\/uploads\/2022\/07\/9_uriamenendez.png\" class=\"attachment-no scaling size-no scaling\" alt=\"\" srcset=\"https:\/\/plmfm.pt\/wp-content\/uploads\/2022\/07\/9_uriamenendez.png 600w, https:\/\/plmfm.pt\/wp-content\/uploads\/2022\/07\/9_uriamenendez-300x150.png 300w, https:\/\/plmfm.pt\/wp-content\/uploads\/2022\/07\/9_uriamenendez-450x225.png 450w\" sizes=\"auto, (max-width: 600px) 100vw, 600px\" \/><\/div><\/div><div class='slide-entry-wrap'  itemprop=\"ImageObject\" itemscope=\"itemscope\" itemtype=\"https:\/\/schema.org\/ImageObject\" ><div  class='slide-entry flex_column no_margin post-entry slide-entry-overview slide-loop-7 slide-parity-odd  av_one_sixth first real-thumbnail'><img loading=\"lazy\" decoding=\"async\"  itemprop=\"thumbnailUrl\"  width=\"600\" height=\"300\" src=\"https:\/\/plmfm.pt\/wp-content\/uploads\/2022\/07\/10_roche.png\" class=\"attachment-no scaling size-no scaling\" alt=\"\" srcset=\"https:\/\/plmfm.pt\/wp-content\/uploads\/2022\/07\/10_roche.png 600w, https:\/\/plmfm.pt\/wp-content\/uploads\/2022\/07\/10_roche-300x150.png 300w, https:\/\/plmfm.pt\/wp-content\/uploads\/2022\/07\/10_roche-450x225.png 450w\" sizes=\"auto, (max-width: 600px) 100vw, 600px\" \/><\/div><div  class='slide-entry flex_column no_margin post-entry slide-entry-overview slide-loop-8 slide-parity-even  av_one_sixth  real-thumbnail'><img loading=\"lazy\" decoding=\"async\"  itemprop=\"thumbnailUrl\"  width=\"600\" height=\"300\" src=\"https:\/\/plmfm.pt\/wp-content\/uploads\/2022\/07\/11_boehringer.png\" class=\"attachment-no scaling size-no scaling\" alt=\"\" srcset=\"https:\/\/plmfm.pt\/wp-content\/uploads\/2022\/07\/11_boehringer.png 600w, https:\/\/plmfm.pt\/wp-content\/uploads\/2022\/07\/11_boehringer-300x150.png 300w, https:\/\/plmfm.pt\/wp-content\/uploads\/2022\/07\/11_boehringer-450x225.png 450w\" sizes=\"auto, (max-width: 600px) 100vw, 600px\" \/><\/div><div  class='slide-entry flex_column no_margin post-entry slide-entry-overview slide-loop-9 slide-parity-odd  av_one_sixth  real-thumbnail'><img loading=\"lazy\" decoding=\"async\"  itemprop=\"thumbnailUrl\"  width=\"600\" height=\"300\" src=\"https:\/\/plmfm.pt\/wp-content\/uploads\/2022\/07\/12_man.png\" class=\"attachment-no scaling size-no scaling\" alt=\"\" srcset=\"https:\/\/plmfm.pt\/wp-content\/uploads\/2022\/07\/12_man.png 600w, https:\/\/plmfm.pt\/wp-content\/uploads\/2022\/07\/12_man-300x150.png 300w, https:\/\/plmfm.pt\/wp-content\/uploads\/2022\/07\/12_man-450x225.png 450w\" sizes=\"auto, (max-width: 600px) 100vw, 600px\" \/><\/div><div  class='slide-entry flex_column no_margin post-entry slide-entry-overview slide-loop-10 slide-parity-even  av_one_sixth  real-thumbnail'><img loading=\"lazy\" decoding=\"async\"  itemprop=\"thumbnailUrl\"  width=\"600\" height=\"300\" src=\"https:\/\/plmfm.pt\/wp-content\/uploads\/2022\/07\/14_clecevitam.png\" class=\"attachment-no scaling size-no scaling\" alt=\"\" srcset=\"https:\/\/plmfm.pt\/wp-content\/uploads\/2022\/07\/14_clecevitam.png 600w, https:\/\/plmfm.pt\/wp-content\/uploads\/2022\/07\/14_clecevitam-300x150.png 300w, https:\/\/plmfm.pt\/wp-content\/uploads\/2022\/07\/14_clecevitam-450x225.png 450w\" sizes=\"auto, (max-width: 600px) 100vw, 600px\" \/><\/div><div  class='slide-entry flex_column no_margin post-entry slide-entry-overview slide-loop-11 slide-parity-odd  av_one_sixth  real-thumbnail'><img loading=\"lazy\" decoding=\"async\"  itemprop=\"thumbnailUrl\"  width=\"600\" height=\"300\" src=\"https:\/\/plmfm.pt\/wp-content\/uploads\/2022\/07\/16_cognizant.png\" class=\"attachment-no scaling size-no scaling\" alt=\"\" srcset=\"https:\/\/plmfm.pt\/wp-content\/uploads\/2022\/07\/16_cognizant.png 600w, https:\/\/plmfm.pt\/wp-content\/uploads\/2022\/07\/16_cognizant-300x150.png 300w, https:\/\/plmfm.pt\/wp-content\/uploads\/2022\/07\/16_cognizant-450x225.png 450w\" sizes=\"auto, (max-width: 600px) 100vw, 600px\" \/><\/div><div  class='slide-entry flex_column no_margin post-entry slide-entry-overview slide-loop-12 slide-parity-even  av_one_sixth  real-thumbnail'><img loading=\"lazy\" decoding=\"async\"  itemprop=\"thumbnailUrl\"  width=\"600\" height=\"300\" src=\"https:\/\/plmfm.pt\/wp-content\/uploads\/2022\/07\/17_nowo.png\" class=\"attachment-no scaling size-no scaling\" alt=\"\" srcset=\"https:\/\/plmfm.pt\/wp-content\/uploads\/2022\/07\/17_nowo.png 600w, https:\/\/plmfm.pt\/wp-content\/uploads\/2022\/07\/17_nowo-300x150.png 300w, https:\/\/plmfm.pt\/wp-content\/uploads\/2022\/07\/17_nowo-450x225.png 450w\" sizes=\"auto, (max-width: 600px) 100vw, 600px\" \/><\/div><\/div><div class='slide-entry-wrap'  itemprop=\"ImageObject\" itemscope=\"itemscope\" itemtype=\"https:\/\/schema.org\/ImageObject\" ><div  class='slide-entry flex_column no_margin post-entry slide-entry-overview slide-loop-13 slide-parity-odd  av_one_sixth first real-thumbnail'><img loading=\"lazy\" decoding=\"async\"  itemprop=\"thumbnailUrl\"  width=\"600\" height=\"300\" src=\"https:\/\/plmfm.pt\/wp-content\/uploads\/2022\/07\/18_fairjourney.png\" class=\"attachment-no scaling size-no scaling\" alt=\"\" srcset=\"https:\/\/plmfm.pt\/wp-content\/uploads\/2022\/07\/18_fairjourney.png 600w, https:\/\/plmfm.pt\/wp-content\/uploads\/2022\/07\/18_fairjourney-300x150.png 300w, https:\/\/plmfm.pt\/wp-content\/uploads\/2022\/07\/18_fairjourney-450x225.png 450w\" sizes=\"auto, (max-width: 600px) 100vw, 600px\" \/><\/div><div  class='slide-entry flex_column no_margin post-entry slide-entry-overview slide-loop-14 slide-parity-even  av_one_sixth  real-thumbnail'><img loading=\"lazy\" decoding=\"async\"  itemprop=\"thumbnailUrl\"  width=\"600\" height=\"300\" src=\"https:\/\/plmfm.pt\/wp-content\/uploads\/2022\/07\/19_glintt.png\" class=\"attachment-no scaling size-no scaling\" alt=\"\" srcset=\"https:\/\/plmfm.pt\/wp-content\/uploads\/2022\/07\/19_glintt.png 600w, https:\/\/plmfm.pt\/wp-content\/uploads\/2022\/07\/19_glintt-300x150.png 300w, https:\/\/plmfm.pt\/wp-content\/uploads\/2022\/07\/19_glintt-450x225.png 450w\" sizes=\"auto, (max-width: 600px) 100vw, 600px\" \/><\/div><div  class='slide-entry flex_column no_margin post-entry slide-entry-overview slide-loop-15 slide-parity-odd  av_one_sixth  real-thumbnail'><img loading=\"lazy\" decoding=\"async\"  itemprop=\"thumbnailUrl\"  width=\"600\" height=\"300\" src=\"https:\/\/plmfm.pt\/wp-content\/uploads\/2022\/07\/20_sonae.png\" class=\"attachment-no scaling size-no scaling\" alt=\"\" srcset=\"https:\/\/plmfm.pt\/wp-content\/uploads\/2022\/07\/20_sonae.png 600w, https:\/\/plmfm.pt\/wp-content\/uploads\/2022\/07\/20_sonae-300x150.png 300w, https:\/\/plmfm.pt\/wp-content\/uploads\/2022\/07\/20_sonae-450x225.png 450w\" sizes=\"auto, (max-width: 600px) 100vw, 600px\" \/><\/div><div  class='slide-entry flex_column no_margin post-entry slide-entry-overview slide-loop-16 slide-parity-even  av_one_sixth  real-thumbnail'><img loading=\"lazy\" decoding=\"async\"  itemprop=\"thumbnailUrl\"  width=\"600\" height=\"300\" src=\"https:\/\/plmfm.pt\/wp-content\/uploads\/2022\/07\/25_diebold.png\" class=\"attachment-no scaling size-no scaling\" alt=\"\" srcset=\"https:\/\/plmfm.pt\/wp-content\/uploads\/2022\/07\/25_diebold.png 600w, https:\/\/plmfm.pt\/wp-content\/uploads\/2022\/07\/25_diebold-300x150.png 300w, https:\/\/plmfm.pt\/wp-content\/uploads\/2022\/07\/25_diebold-450x225.png 450w\" sizes=\"auto, (max-width: 600px) 100vw, 600px\" \/><\/div><div  class='slide-entry flex_column no_margin post-entry slide-entry-overview slide-loop-17 slide-parity-odd  av_one_sixth  real-thumbnail'><img loading=\"lazy\" decoding=\"async\"  itemprop=\"thumbnailUrl\"  width=\"600\" height=\"300\" src=\"https:\/\/plmfm.pt\/wp-content\/uploads\/2022\/07\/26_ordemenfermeiros.png\" class=\"attachment-no scaling size-no scaling\" alt=\"\" srcset=\"https:\/\/plmfm.pt\/wp-content\/uploads\/2022\/07\/26_ordemenfermeiros.png 600w, https:\/\/plmfm.pt\/wp-content\/uploads\/2022\/07\/26_ordemenfermeiros-300x150.png 300w, https:\/\/plmfm.pt\/wp-content\/uploads\/2022\/07\/26_ordemenfermeiros-450x225.png 450w\" sizes=\"auto, (max-width: 600px) 100vw, 600px\" \/><\/div><div  class='slide-entry flex_column no_margin post-entry slide-entry-overview slide-loop-18 slide-parity-even  post-entry-last  av_one_sixth  real-thumbnail'><img loading=\"lazy\" decoding=\"async\"  itemprop=\"thumbnailUrl\"  width=\"600\" height=\"300\" src=\"https:\/\/plmfm.pt\/wp-content\/uploads\/2022\/07\/27_cbre.png\" class=\"attachment-no scaling size-no scaling\" alt=\"\" srcset=\"https:\/\/plmfm.pt\/wp-content\/uploads\/2022\/07\/27_cbre.png 600w, https:\/\/plmfm.pt\/wp-content\/uploads\/2022\/07\/27_cbre-300x150.png 300w, https:\/\/plmfm.pt\/wp-content\/uploads\/2022\/07\/27_cbre-450x225.png 450w\" sizes=\"auto, (max-width: 600px) 100vw, 600px\" \/><\/div><\/div><\/div><\/div>\n<\/div><\/div><\/div><!-- close content main div --><\/div><\/div><div id='after_section_2' class='main_color av_default_container_wrap container_wrap sidebar_right'   ><div class='container' ><div class='template-page content  av-content-small alpha units'><div class='post-entry post-entry-type-page post-entry-1949'><div class='entry-content-wrapper clearfix'><div style='height:10px' class='hr hr-invisible  '><span class='hr-inner ' ><span class='hr-inner-style'><\/span><\/span><\/div><\/p>\n","protected":false},"excerpt":{"rendered":"","protected":false},"author":1,"featured_media":0,"parent":0,"menu_order":0,"comment_status":"closed","ping_status":"closed","template":"","meta":{"footnotes":""},"class_list":["post-1949","page","type-page","status-publish","hentry"],"yoast_head":"<!-- This site is optimized with the Yoast SEO plugin v27.4 - https:\/\/yoast.com\/product\/yoast-seo-wordpress\/ -->\n<title>Buildings - PLM | Facility Management<\/title>\n<meta name=\"robots\" content=\"index, follow, max-snippet:-1, max-image-preview:large, max-video-preview:-1\" \/>\n<link rel=\"canonical\" href=\"https:\/\/plmfm.pt\/en\/buildings\/\" \/>\n<meta property=\"og:locale\" content=\"en_US\" \/>\n<meta property=\"og:type\" content=\"article\" \/>\n<meta property=\"og:title\" content=\"Buildings - PLM | Facility Management\" \/>\n<meta property=\"og:url\" content=\"https:\/\/plmfm.pt\/en\/buildings\/\" \/>\n<meta property=\"og:site_name\" content=\"PLM | Facility Management\" \/>\n<meta property=\"article:modified_time\" content=\"2025-08-28T08:39:04+00:00\" \/>\n<meta property=\"og:image\" content=\"https:\/\/plmfm.pt\/wp-content\/uploads\/2016\/05\/logo-1.png\" \/>\n\t<meta property=\"og:image:width\" content=\"394\" \/>\n\t<meta property=\"og:image:height\" content=\"286\" \/>\n\t<meta property=\"og:image:type\" content=\"image\/png\" \/>\n<meta name=\"twitter:card\" content=\"summary_large_image\" \/>\n<meta name=\"twitter:label1\" content=\"Est. reading time\" \/>\n\t<meta name=\"twitter:data1\" content=\"3 minutes\" \/>\n<script type=\"application\/ld+json\" class=\"yoast-schema-graph\">{\"@context\":\"https:\\\/\\\/schema.org\",\"@graph\":[{\"@type\":\"WebPage\",\"@id\":\"https:\\\/\\\/plmfm.pt\\\/en\\\/buildings\\\/\",\"url\":\"https:\\\/\\\/plmfm.pt\\\/en\\\/buildings\\\/\",\"name\":\"Buildings - PLM | Facility Management\",\"isPartOf\":{\"@id\":\"https:\\\/\\\/plmfm.pt\\\/#website\"},\"datePublished\":\"2016-06-30T11:55:06+00:00\",\"dateModified\":\"2025-08-28T08:39:04+00:00\",\"breadcrumb\":{\"@id\":\"https:\\\/\\\/plmfm.pt\\\/en\\\/buildings\\\/#breadcrumb\"},\"inLanguage\":\"en-US\",\"potentialAction\":[{\"@type\":\"ReadAction\",\"target\":[\"https:\\\/\\\/plmfm.pt\\\/en\\\/buildings\\\/\"]}]},{\"@type\":\"BreadcrumbList\",\"@id\":\"https:\\\/\\\/plmfm.pt\\\/en\\\/buildings\\\/#breadcrumb\",\"itemListElement\":[{\"@type\":\"ListItem\",\"position\":1,\"name\":\"Home\",\"item\":\"https:\\\/\\\/plmfm.pt\\\/en\\\/\"},{\"@type\":\"ListItem\",\"position\":2,\"name\":\"Buildings\"}]},{\"@type\":\"WebSite\",\"@id\":\"https:\\\/\\\/plmfm.pt\\\/#website\",\"url\":\"https:\\\/\\\/plmfm.pt\\\/\",\"name\":\"PLM | Facility Management\",\"description\":\"Planeamento e gest\u00e3o de manuten\u00e7\u00e3o\",\"publisher\":{\"@id\":\"https:\\\/\\\/plmfm.pt\\\/#organization\"},\"potentialAction\":[{\"@type\":\"SearchAction\",\"target\":{\"@type\":\"EntryPoint\",\"urlTemplate\":\"https:\\\/\\\/plmfm.pt\\\/?s={search_term_string}\"},\"query-input\":{\"@type\":\"PropertyValueSpecification\",\"valueRequired\":true,\"valueName\":\"search_term_string\"}}],\"inLanguage\":\"en-US\"},{\"@type\":\"Organization\",\"@id\":\"https:\\\/\\\/plmfm.pt\\\/#organization\",\"name\":\"PLM | Facility Management\",\"url\":\"https:\\\/\\\/plmfm.pt\\\/\",\"logo\":{\"@type\":\"ImageObject\",\"inLanguage\":\"en-US\",\"@id\":\"https:\\\/\\\/plmfm.pt\\\/#\\\/schema\\\/logo\\\/image\\\/\",\"url\":\"https:\\\/\\\/plmfm.pt\\\/wp-content\\\/uploads\\\/2016\\\/05\\\/logo-1.png\",\"contentUrl\":\"https:\\\/\\\/plmfm.pt\\\/wp-content\\\/uploads\\\/2016\\\/05\\\/logo-1.png\",\"width\":394,\"height\":286,\"caption\":\"PLM | Facility Management\"},\"image\":{\"@id\":\"https:\\\/\\\/plmfm.pt\\\/#\\\/schema\\\/logo\\\/image\\\/\"},\"sameAs\":[\"https:\\\/\\\/pt.linkedin.com\\\/company\\\/plm---facility-management\"]}]}<\/script>\n<!-- \/ Yoast SEO plugin. -->","yoast_head_json":{"title":"Buildings - PLM | Facility Management","robots":{"index":"index","follow":"follow","max-snippet":"max-snippet:-1","max-image-preview":"max-image-preview:large","max-video-preview":"max-video-preview:-1"},"canonical":"https:\/\/plmfm.pt\/en\/buildings\/","og_locale":"en_US","og_type":"article","og_title":"Buildings - PLM | Facility Management","og_url":"https:\/\/plmfm.pt\/en\/buildings\/","og_site_name":"PLM | Facility Management","article_modified_time":"2025-08-28T08:39:04+00:00","og_image":[{"width":394,"height":286,"url":"https:\/\/plmfm.pt\/wp-content\/uploads\/2016\/05\/logo-1.png","type":"image\/png"}],"twitter_card":"summary_large_image","twitter_misc":{"Est. reading time":"3 minutes"},"schema":{"@context":"https:\/\/schema.org","@graph":[{"@type":"WebPage","@id":"https:\/\/plmfm.pt\/en\/buildings\/","url":"https:\/\/plmfm.pt\/en\/buildings\/","name":"Buildings - PLM | Facility Management","isPartOf":{"@id":"https:\/\/plmfm.pt\/#website"},"datePublished":"2016-06-30T11:55:06+00:00","dateModified":"2025-08-28T08:39:04+00:00","breadcrumb":{"@id":"https:\/\/plmfm.pt\/en\/buildings\/#breadcrumb"},"inLanguage":"en-US","potentialAction":[{"@type":"ReadAction","target":["https:\/\/plmfm.pt\/en\/buildings\/"]}]},{"@type":"BreadcrumbList","@id":"https:\/\/plmfm.pt\/en\/buildings\/#breadcrumb","itemListElement":[{"@type":"ListItem","position":1,"name":"Home","item":"https:\/\/plmfm.pt\/en\/"},{"@type":"ListItem","position":2,"name":"Buildings"}]},{"@type":"WebSite","@id":"https:\/\/plmfm.pt\/#website","url":"https:\/\/plmfm.pt\/","name":"PLM | Facility Management","description":"Planeamento e gest\u00e3o de manuten\u00e7\u00e3o","publisher":{"@id":"https:\/\/plmfm.pt\/#organization"},"potentialAction":[{"@type":"SearchAction","target":{"@type":"EntryPoint","urlTemplate":"https:\/\/plmfm.pt\/?s={search_term_string}"},"query-input":{"@type":"PropertyValueSpecification","valueRequired":true,"valueName":"search_term_string"}}],"inLanguage":"en-US"},{"@type":"Organization","@id":"https:\/\/plmfm.pt\/#organization","name":"PLM | Facility Management","url":"https:\/\/plmfm.pt\/","logo":{"@type":"ImageObject","inLanguage":"en-US","@id":"https:\/\/plmfm.pt\/#\/schema\/logo\/image\/","url":"https:\/\/plmfm.pt\/wp-content\/uploads\/2016\/05\/logo-1.png","contentUrl":"https:\/\/plmfm.pt\/wp-content\/uploads\/2016\/05\/logo-1.png","width":394,"height":286,"caption":"PLM | Facility Management"},"image":{"@id":"https:\/\/plmfm.pt\/#\/schema\/logo\/image\/"},"sameAs":["https:\/\/pt.linkedin.com\/company\/plm---facility-management"]}]}},"_links":{"self":[{"href":"https:\/\/plmfm.pt\/en\/wp-json\/wp\/v2\/pages\/1949","targetHints":{"allow":["GET"]}}],"collection":[{"href":"https:\/\/plmfm.pt\/en\/wp-json\/wp\/v2\/pages"}],"about":[{"href":"https:\/\/plmfm.pt\/en\/wp-json\/wp\/v2\/types\/page"}],"author":[{"embeddable":true,"href":"https:\/\/plmfm.pt\/en\/wp-json\/wp\/v2\/users\/1"}],"replies":[{"embeddable":true,"href":"https:\/\/plmfm.pt\/en\/wp-json\/wp\/v2\/comments?post=1949"}],"version-history":[{"count":10,"href":"https:\/\/plmfm.pt\/en\/wp-json\/wp\/v2\/pages\/1949\/revisions"}],"predecessor-version":[{"id":7094,"href":"https:\/\/plmfm.pt\/en\/wp-json\/wp\/v2\/pages\/1949\/revisions\/7094"}],"wp:attachment":[{"href":"https:\/\/plmfm.pt\/en\/wp-json\/wp\/v2\/media?parent=1949"}],"curies":[{"name":"wp","href":"https:\/\/api.w.org\/{rel}","templated":true}]}}