{"id":1927,"date":"2016-06-30T11:10:11","date_gmt":"2016-06-30T11:10:11","guid":{"rendered":"http:\/\/plmfm.pt\/?page_id=1927&#038;lang=en"},"modified":"2024-02-14T10:30:15","modified_gmt":"2024-02-14T10:30:15","slug":"geographic-presence","status":"publish","type":"page","link":"https:\/\/plmfm.pt\/en\/geographic-presence\/","title":{"rendered":"Geographic Presence"},"content":{"rendered":"<\/div><\/div><\/div><!-- close content main div --><\/div><\/div><div id='av_section_1' class='avia-section main_color avia-section-no-padding avia-no-border-styling avia-bg-style-scroll   av-arrow-down-section container_wrap sidebar_right' style = 'background-color: #d71921; '  ><div class='container' ><div class='template-page content  av-content-small alpha units'><div class='post-entry post-entry-type-page post-entry-1927'><div class='entry-content-wrapper clearfix'>\n<div style='height:10px' class='hr hr-invisible  '><span class='hr-inner ' ><span class='hr-inner-style'><\/span><\/span><\/div>\n<div style='padding-bottom:55px;color:#ffffff;font-size:32px;' class='av-special-heading av-special-heading-h2 custom-color-heading blockquote modern-quote   av-inherit-size '><h2 class='av-special-heading-tag '  itemprop=\"headline\"  >LEARN HOW WE<br \/>\nCAN HELP YOUR COMPANY<\/h2><div class='special-heading-border'><div class='special-heading-inner-border' style='border-color:#ffffff'><\/div><\/div><\/div>\n<div style='height:10px' class='hr hr-invisible  '><span class='hr-inner ' ><span class='hr-inner-style'><\/span><\/span><\/div>\n<\/div><\/div><\/div><!-- close content main div --><\/div><div class='av-extra-border-element border-extra-arrow-down'><div class='av-extra-border-outer'><div class='av-extra-border-inner'  style='background-color:#d71921;' ><\/div><\/div><\/div><\/div><div id='after_section_1' class='main_color av_default_container_wrap container_wrap sidebar_right'   ><div class='container' ><div class='template-page content  av-content-small alpha units'><div class='post-entry post-entry-type-page post-entry-1927'><div class='entry-content-wrapper clearfix'>\n<\/div><\/div><\/div><!-- close content main div --><\/div><div class='av-extra-border-element border-extra-arrow-down'><div class='av-extra-border-outer'><div class='av-extra-border-inner'  style='background-color:#d71921;' ><\/div><\/div><\/div><\/div><div id='av_section_2' class='avia-section main_color avia-section-default avia-no-shadow avia-bg-style-scroll   container_wrap sidebar_right'   ><div class='container' ><div class='template-page content  av-content-small alpha units'><div class='post-entry post-entry-type-page post-entry-1927'><div class='entry-content-wrapper clearfix'>\n<div class=\"flex_column av_three_fifth  flex_column_div av-zero-column-padding first  \" style='border-radius:0px; '><div style='padding-bottom:10px;' class='av-special-heading av-special-heading-h2  blockquote modern-quote   '><h2 class='av-special-heading-tag '  itemprop=\"headline\"  >PORTUGAL<\/h2><div class='special-heading-border'><div class='special-heading-inner-border' ><\/div><\/div><\/div><\/div><div class=\"flex_column av_two_fifth  flex_column_div av-zero-column-padding   \" style='border-radius:0px; '><\/div><div class=\"flex_column av_one_third  flex_column_div av-zero-column-padding first  \" style='border-radius:0px; '><p><section class=\"av_textblock_section \"  itemscope=\"itemscope\" itemtype=\"https:\/\/schema.org\/CreativeWork\" ><div class='avia_textblock  '   itemprop=\"text\" ><p><strong>Lisboa:<\/strong><\/p>\n<p>Rua Rui Teles Palhinha, n\u00ba 8 &#8211; 2\u00ba<br \/>\n2740-278 Porto Salvo<\/p>\n<p><strong>Email:<\/strong> <a href=\"mailto:plm@plmfm.pt\">plm@plmfm.pt<\/a><span id=\"cloak69224\"><\/span><\/p>\n<p><strong>GPS:<\/strong> 38\u00b044&#8217;03.3&#8243;N 9\u00b018&#8217;00.5&#8243;W<\/p>\n<\/div><\/section><br \/>\n<div style='height:20px' class='hr hr-invisible  '><span class='hr-inner ' ><span class='hr-inner-style'><\/span><\/span><\/div><br \/>\n<div id='av_gmap_1' class='avia-google-map-container ' data-mapid='1' style='height: 350px;'><\/div><br \/>\n<div style='height:60px' class='hr hr-invisible  '><span class='hr-inner ' ><span class='hr-inner-style'><\/span><\/span><\/div><\/p><\/div><div class=\"flex_column av_one_third  flex_column_div av-zero-column-padding   \" style='border-radius:0px; '><section class=\"av_textblock_section \"  itemscope=\"itemscope\" itemtype=\"https:\/\/schema.org\/CreativeWork\" ><div class='avia_textblock  '   itemprop=\"text\" ><p class=\"p1\"><strong><span class=\"s1\">Porto:<\/span><\/strong><\/p>\n<p class=\"p1\">Av. Central de Milheir\u00f3s, 307 &#8211; Fra\u00e7\u00e3o B<br \/>\n4475-380 Maia<\/p>\n<p><strong>Email:<\/strong> <a href=\"mailto:plm@plmfm.pt\">plm@plmfm.pt<\/a><span id=\"cloak69224\"><\/span><\/p>\n<p><strong>GPS:<\/strong> 41\u00b013&#8217;25.1&#8243;N 8\u00b035&#8217;11.9&#8243;W<\/p>\n<\/div><\/section><br \/>\n<div style='height:20px' class='hr hr-invisible  '><span class='hr-inner ' ><span class='hr-inner-style'><\/span><\/span><\/div><br \/>\n<div id='av_gmap_2' class='avia-google-map-container ' data-mapid='2' style='height: 350px;'><\/div><br \/>\n<div style='height:60px' class='hr hr-invisible  '><span class='hr-inner ' ><span class='hr-inner-style'><\/span><\/span><\/div><\/p><\/div><div class=\"flex_column av_one_third  flex_column_div av-zero-column-padding   \" style='border-radius:0px; '><p><div style='padding-bottom:10px;' class='av-special-heading av-special-heading-h2  blockquote modern-quote   '><h2 class='av-special-heading-tag '  itemprop=\"headline\"  >LET\u2019S TALK<\/h2><div class='special-heading-border'><div class='special-heading-inner-border' ><\/div><\/div><\/div><br \/>\n<section class=\"av_textblock_section \"  itemscope=\"itemscope\" itemtype=\"https:\/\/schema.org\/CreativeWork\" ><div class='avia_textblock  '   itemprop=\"text\" >\n<div class=\"wpcf7 no-js\" id=\"wpcf7-f2401-o1\" lang=\"pt-PT\" dir=\"ltr\" data-wpcf7-id=\"2401\">\n<div class=\"screen-reader-response\"><p role=\"status\" aria-live=\"polite\" aria-atomic=\"true\"><\/p> <ul><\/ul><\/div>\n<form action=\"\/en\/wp-json\/wp\/v2\/pages\/1927#wpcf7-f2401-o1\" method=\"post\" class=\"wpcf7-form init\" aria-label=\"Formul\u00e1rio de contacto\" novalidate=\"novalidate\" data-status=\"init\">\n<fieldset class=\"hidden-fields-container\"><input type=\"hidden\" name=\"_wpcf7\" value=\"2401\" \/><input type=\"hidden\" name=\"_wpcf7_version\" value=\"6.1.5\" \/><input type=\"hidden\" name=\"_wpcf7_locale\" value=\"pt_PT\" \/><input type=\"hidden\" name=\"_wpcf7_unit_tag\" value=\"wpcf7-f2401-o1\" \/><input type=\"hidden\" name=\"_wpcf7_container_post\" value=\"0\" \/><input type=\"hidden\" name=\"_wpcf7_posted_data_hash\" value=\"\" \/>\n<\/fieldset>\n<p><label> Name *<br \/>\n<span class=\"wpcf7-form-control-wrap\" data-name=\"your-name\"><input size=\"40\" maxlength=\"400\" class=\"wpcf7-form-control wpcf7-text wpcf7-validates-as-required\" aria-required=\"true\" aria-invalid=\"false\" value=\"\" type=\"text\" name=\"your-name\" \/><\/span> <\/label>\n<\/p>\n<p><label> E-mail *<br \/>\n<span class=\"wpcf7-form-control-wrap\" data-name=\"your-email\"><input size=\"40\" maxlength=\"400\" class=\"wpcf7-form-control wpcf7-email wpcf7-validates-as-required wpcf7-text wpcf7-validates-as-email\" aria-required=\"true\" aria-invalid=\"false\" value=\"\" type=\"email\" name=\"your-email\" \/><\/span> <\/label>\n<\/p>\n<p><label> Phone *<br \/>\n<span class=\"wpcf7-form-control-wrap\" data-name=\"tel-610\"><input size=\"40\" maxlength=\"400\" class=\"wpcf7-form-control wpcf7-tel wpcf7-validates-as-required wpcf7-text wpcf7-validates-as-tel\" aria-required=\"true\" aria-invalid=\"false\" value=\"\" type=\"tel\" name=\"tel-610\" \/><\/span> <\/label>\n<\/p>\n<p><label> Subject *<br \/>\n<span class=\"wpcf7-form-control-wrap\" data-name=\"your-subject\"><input size=\"40\" maxlength=\"400\" class=\"wpcf7-form-control wpcf7-text wpcf7-validates-as-required\" aria-required=\"true\" aria-invalid=\"false\" value=\"\" type=\"text\" name=\"your-subject\" \/><\/span> <\/label>\n<\/p>\n<p><label> Message *<br \/>\n<span class=\"wpcf7-form-control-wrap\" data-name=\"your-message\"><textarea cols=\"40\" rows=\"10\" maxlength=\"2000\" class=\"wpcf7-form-control wpcf7-textarea wpcf7-validates-as-required\" aria-required=\"true\" aria-invalid=\"false\" name=\"your-message\"><\/textarea><\/span> <\/label>\n<\/p>\n<p><span class=\"wpcf7-form-control-wrap\" data-name=\"your-consent\"><span class=\"wpcf7-form-control wpcf7-acceptance\"><span class=\"wpcf7-list-item\"><label><input type=\"checkbox\" name=\"your-consent\" value=\"1\" aria-invalid=\"false\" \/><span class=\"wpcf7-list-item-label\">I accept the <a style=\"text-decoration:underline;\" href=\".\/politica-de-privacidade\" target=\"_blank\">privacy policy<\/a>.<\/span><\/label><\/span><\/span><\/span>\n<\/p>\n<p><input class=\"wpcf7-form-control wpcf7-submit has-spinner\" type=\"submit\" value=\"Send\" \/>\n<\/p><div class=\"wpcf7-response-output\" aria-hidden=\"true\"><\/div>\n<\/form>\n<\/div>\n\n<\/div><\/section><\/p><\/div><\/div><\/div><\/div><!-- close content main div --><\/div><\/div><div id='after_section_2' class='main_color av_default_container_wrap container_wrap sidebar_right'   ><div class='container' ><div class='template-page content  av-content-small alpha units'><div class='post-entry post-entry-type-page post-entry-1927'><div class='entry-content-wrapper clearfix'>\n","protected":false},"excerpt":{"rendered":"","protected":false},"author":1,"featured_media":0,"parent":0,"menu_order":0,"comment_status":"closed","ping_status":"closed","template":"","meta":{"footnotes":""},"class_list":["post-1927","page","type-page","status-publish","hentry"],"yoast_head":"<!-- This site is optimized with the Yoast SEO plugin v27.3 - https:\/\/yoast.com\/product\/yoast-seo-wordpress\/ -->\n<title>Geographic Presence - PLM | Facility Management<\/title>\n<meta name=\"robots\" content=\"index, follow, max-snippet:-1, max-image-preview:large, max-video-preview:-1\" \/>\n<link rel=\"canonical\" href=\"https:\/\/plmfm.pt\/en\/geographic-presence\/\" \/>\n<meta property=\"og:locale\" content=\"en_US\" \/>\n<meta property=\"og:type\" content=\"article\" \/>\n<meta property=\"og:title\" content=\"Geographic Presence - PLM | Facility Management\" \/>\n<meta property=\"og:url\" content=\"https:\/\/plmfm.pt\/en\/geographic-presence\/\" \/>\n<meta property=\"og:site_name\" content=\"PLM | Facility Management\" \/>\n<meta property=\"article:modified_time\" content=\"2024-02-14T10:30:15+00:00\" \/>\n<meta property=\"og:image\" content=\"https:\/\/plmfm.pt\/wp-content\/uploads\/2016\/05\/logo-1.png\" \/>\n\t<meta property=\"og:image:width\" content=\"394\" \/>\n\t<meta property=\"og:image:height\" content=\"286\" \/>\n\t<meta property=\"og:image:type\" content=\"image\/png\" \/>\n<meta name=\"twitter:card\" content=\"summary_large_image\" \/>\n<meta name=\"twitter:label1\" content=\"Est. reading time\" \/>\n\t<meta name=\"twitter:data1\" content=\"3 minutes\" \/>\n<script type=\"application\/ld+json\" class=\"yoast-schema-graph\">{\"@context\":\"https:\\\/\\\/schema.org\",\"@graph\":[{\"@type\":\"WebPage\",\"@id\":\"https:\\\/\\\/plmfm.pt\\\/en\\\/geographic-presence\\\/\",\"url\":\"https:\\\/\\\/plmfm.pt\\\/en\\\/geographic-presence\\\/\",\"name\":\"Geographic Presence - PLM | Facility Management\",\"isPartOf\":{\"@id\":\"https:\\\/\\\/plmfm.pt\\\/#website\"},\"datePublished\":\"2016-06-30T11:10:11+00:00\",\"dateModified\":\"2024-02-14T10:30:15+00:00\",\"breadcrumb\":{\"@id\":\"https:\\\/\\\/plmfm.pt\\\/en\\\/geographic-presence\\\/#breadcrumb\"},\"inLanguage\":\"en-US\",\"potentialAction\":[{\"@type\":\"ReadAction\",\"target\":[\"https:\\\/\\\/plmfm.pt\\\/en\\\/geographic-presence\\\/\"]}]},{\"@type\":\"BreadcrumbList\",\"@id\":\"https:\\\/\\\/plmfm.pt\\\/en\\\/geographic-presence\\\/#breadcrumb\",\"itemListElement\":[{\"@type\":\"ListItem\",\"position\":1,\"name\":\"Home\",\"item\":\"https:\\\/\\\/plmfm.pt\\\/en\\\/\"},{\"@type\":\"ListItem\",\"position\":2,\"name\":\"Geographic Presence\"}]},{\"@type\":\"WebSite\",\"@id\":\"https:\\\/\\\/plmfm.pt\\\/#website\",\"url\":\"https:\\\/\\\/plmfm.pt\\\/\",\"name\":\"PLM | Facility Management\",\"description\":\"Planeamento e gest\u00e3o de manuten\u00e7\u00e3o\",\"publisher\":{\"@id\":\"https:\\\/\\\/plmfm.pt\\\/#organization\"},\"potentialAction\":[{\"@type\":\"SearchAction\",\"target\":{\"@type\":\"EntryPoint\",\"urlTemplate\":\"https:\\\/\\\/plmfm.pt\\\/?s={search_term_string}\"},\"query-input\":{\"@type\":\"PropertyValueSpecification\",\"valueRequired\":true,\"valueName\":\"search_term_string\"}}],\"inLanguage\":\"en-US\"},{\"@type\":\"Organization\",\"@id\":\"https:\\\/\\\/plmfm.pt\\\/#organization\",\"name\":\"PLM | Facility Management\",\"url\":\"https:\\\/\\\/plmfm.pt\\\/\",\"logo\":{\"@type\":\"ImageObject\",\"inLanguage\":\"en-US\",\"@id\":\"https:\\\/\\\/plmfm.pt\\\/#\\\/schema\\\/logo\\\/image\\\/\",\"url\":\"https:\\\/\\\/plmfm.pt\\\/wp-content\\\/uploads\\\/2016\\\/05\\\/logo-1.png\",\"contentUrl\":\"https:\\\/\\\/plmfm.pt\\\/wp-content\\\/uploads\\\/2016\\\/05\\\/logo-1.png\",\"width\":394,\"height\":286,\"caption\":\"PLM | Facility Management\"},\"image\":{\"@id\":\"https:\\\/\\\/plmfm.pt\\\/#\\\/schema\\\/logo\\\/image\\\/\"},\"sameAs\":[\"https:\\\/\\\/pt.linkedin.com\\\/company\\\/plm---facility-management\"]}]}<\/script>\n<!-- \/ Yoast SEO plugin. -->","yoast_head_json":{"title":"Geographic Presence - PLM | Facility Management","robots":{"index":"index","follow":"follow","max-snippet":"max-snippet:-1","max-image-preview":"max-image-preview:large","max-video-preview":"max-video-preview:-1"},"canonical":"https:\/\/plmfm.pt\/en\/geographic-presence\/","og_locale":"en_US","og_type":"article","og_title":"Geographic Presence - PLM | Facility Management","og_url":"https:\/\/plmfm.pt\/en\/geographic-presence\/","og_site_name":"PLM | Facility Management","article_modified_time":"2024-02-14T10:30:15+00:00","og_image":[{"width":394,"height":286,"url":"https:\/\/plmfm.pt\/wp-content\/uploads\/2016\/05\/logo-1.png","type":"image\/png"}],"twitter_card":"summary_large_image","twitter_misc":{"Est. reading time":"3 minutes"},"schema":{"@context":"https:\/\/schema.org","@graph":[{"@type":"WebPage","@id":"https:\/\/plmfm.pt\/en\/geographic-presence\/","url":"https:\/\/plmfm.pt\/en\/geographic-presence\/","name":"Geographic Presence - PLM | Facility Management","isPartOf":{"@id":"https:\/\/plmfm.pt\/#website"},"datePublished":"2016-06-30T11:10:11+00:00","dateModified":"2024-02-14T10:30:15+00:00","breadcrumb":{"@id":"https:\/\/plmfm.pt\/en\/geographic-presence\/#breadcrumb"},"inLanguage":"en-US","potentialAction":[{"@type":"ReadAction","target":["https:\/\/plmfm.pt\/en\/geographic-presence\/"]}]},{"@type":"BreadcrumbList","@id":"https:\/\/plmfm.pt\/en\/geographic-presence\/#breadcrumb","itemListElement":[{"@type":"ListItem","position":1,"name":"Home","item":"https:\/\/plmfm.pt\/en\/"},{"@type":"ListItem","position":2,"name":"Geographic Presence"}]},{"@type":"WebSite","@id":"https:\/\/plmfm.pt\/#website","url":"https:\/\/plmfm.pt\/","name":"PLM | Facility Management","description":"Planeamento e gest\u00e3o de manuten\u00e7\u00e3o","publisher":{"@id":"https:\/\/plmfm.pt\/#organization"},"potentialAction":[{"@type":"SearchAction","target":{"@type":"EntryPoint","urlTemplate":"https:\/\/plmfm.pt\/?s={search_term_string}"},"query-input":{"@type":"PropertyValueSpecification","valueRequired":true,"valueName":"search_term_string"}}],"inLanguage":"en-US"},{"@type":"Organization","@id":"https:\/\/plmfm.pt\/#organization","name":"PLM | Facility Management","url":"https:\/\/plmfm.pt\/","logo":{"@type":"ImageObject","inLanguage":"en-US","@id":"https:\/\/plmfm.pt\/#\/schema\/logo\/image\/","url":"https:\/\/plmfm.pt\/wp-content\/uploads\/2016\/05\/logo-1.png","contentUrl":"https:\/\/plmfm.pt\/wp-content\/uploads\/2016\/05\/logo-1.png","width":394,"height":286,"caption":"PLM | Facility Management"},"image":{"@id":"https:\/\/plmfm.pt\/#\/schema\/logo\/image\/"},"sameAs":["https:\/\/pt.linkedin.com\/company\/plm---facility-management"]}]}},"_links":{"self":[{"href":"https:\/\/plmfm.pt\/en\/wp-json\/wp\/v2\/pages\/1927","targetHints":{"allow":["GET"]}}],"collection":[{"href":"https:\/\/plmfm.pt\/en\/wp-json\/wp\/v2\/pages"}],"about":[{"href":"https:\/\/plmfm.pt\/en\/wp-json\/wp\/v2\/types\/page"}],"author":[{"embeddable":true,"href":"https:\/\/plmfm.pt\/en\/wp-json\/wp\/v2\/users\/1"}],"replies":[{"embeddable":true,"href":"https:\/\/plmfm.pt\/en\/wp-json\/wp\/v2\/comments?post=1927"}],"version-history":[{"count":31,"href":"https:\/\/plmfm.pt\/en\/wp-json\/wp\/v2\/pages\/1927\/revisions"}],"predecessor-version":[{"id":5074,"href":"https:\/\/plmfm.pt\/en\/wp-json\/wp\/v2\/pages\/1927\/revisions\/5074"}],"wp:attachment":[{"href":"https:\/\/plmfm.pt\/en\/wp-json\/wp\/v2\/media?parent=1927"}],"curies":[{"name":"wp","href":"https:\/\/api.w.org\/{rel}","templated":true}]}}