{"id":1770,"date":"2016-06-29T18:01:42","date_gmt":"2016-06-29T18:01:42","guid":{"rendered":"http:\/\/plmfm.pt\/?page_id=1770&#038;lang=en"},"modified":"2026-03-17T09:21:10","modified_gmt":"2026-03-17T09:21:10","slug":"integrated-policy-2","status":"publish","type":"page","link":"https:\/\/plmfm.pt\/en\/integrated-policy-2\/","title":{"rendered":"Integrated Policy"},"content":{"rendered":"<\/div><\/div><\/div><!-- close content main div --><\/div><\/div><div id='av_section_1' class='avia-section main_color avia-section-default avia-no-border-styling avia-bg-style-scroll   av-arrow-down-section av-minimum-height av-minimum-height-custom container_wrap sidebar_right' style = 'background-color: #d71921; '  ><div class='container' style='height:250px'><div class='template-page content  av-content-small alpha units'><div class='post-entry post-entry-type-page post-entry-1770'><div class='entry-content-wrapper clearfix'>\n<div style='padding-bottom:40px;color:#ffffff;font-size:32px;' class='av-special-heading av-special-heading-h2 custom-color-heading blockquote modern-quote  av-inherit-size '><h2 class='av-special-heading-tag '  itemprop=\"headline\"  >Integrated Policy<br \/>\nof Quality, Environment,<br \/>\nSafety and Health at Work<\/h2><div class='special-heading-border'><div class='special-heading-inner-border' style='border-color:#ffffff'><\/div><\/div><\/div>\n<\/div><\/div><\/div><!-- close content main div --><\/div><div class='av-extra-border-element border-extra-arrow-down'><div class='av-extra-border-outer'><div class='av-extra-border-inner'  style='background-color:#d71921;' ><\/div><\/div><\/div><\/div><div id='after_section_1' class='main_color av_default_container_wrap container_wrap sidebar_right'   ><div class='container' ><div class='template-page content  av-content-small alpha units'><div class='post-entry post-entry-type-page post-entry-1770'><div class='entry-content-wrapper clearfix'>\n<\/div><\/div><\/div><!-- close content main div --><\/div><div class='av-extra-border-element border-extra-arrow-down'><div class='av-extra-border-outer'><div class='av-extra-border-inner'  style='background-color:#d71921;' ><\/div><\/div><\/div><\/div><div id='av_section_2' class='avia-section main_color avia-section-default avia-no-shadow avia-bg-style-scroll   av-minimum-height av-minimum-height-custom container_wrap sidebar_right'   ><div class='container' style='height:100px'><div class='template-page content  av-content-small alpha units'><div class='post-entry post-entry-type-page post-entry-1770'><div class='entry-content-wrapper clearfix'>\n<div class=\"flex_column av_one_half  flex_column_div av-zero-column-padding first  \" style='border-radius:0px; '><p><section class=\"av_textblock_section \"  itemscope=\"itemscope\" itemtype=\"https:\/\/schema.org\/CreativeWork\" ><div class='avia_textblock  '  style='font-size:15px; '  itemprop=\"text\" ><p><span style=\"color: #d71920;\">\\\\\u00a0<\/span>Services provision by PLM is oriented to the creation of value through the satisfaction of customer needs, proposing customized and optimized solutions geared to the achievement \u00a0of established goals, with an integrated management system that has evolved over time, based on guiding principles, which currently includes the quality, environment, safety and health at work , and the provision of maintenance services.<\/p>\n<\/div><\/section><br \/>\n<div  class='hr hr-short hr-center  '><span class='hr-inner ' ><span class='hr-inner-style'><\/span><\/span><\/div><br \/>\n<section class=\"av_textblock_section \"  itemscope=\"itemscope\" itemtype=\"https:\/\/schema.org\/CreativeWork\" ><div class='avia_textblock  '  style='font-size:15px; '  itemprop=\"text\" ><p><span style=\"color: #d71920;\"><strong><span style=\"color: #d71920;\">\\\\\u00a0Integrated Policy of Quality, Environment,\u00a0Safety and Health at Work<\/span><\/strong><br \/>\n<\/span><\/p>\n<p>PLM \u2013 Facility Management, Lda. undertakes to establish, implement, and maintain a quality environment and occupational health and safety policy in accordance with a set of guiding principles out of respect for the relevant stakeholders (customers, employees, suppliers, shareholders, state, local community, etc.).<\/p>\n<\/div><\/section><br \/>\n<section class=\"av_textblock_section \"  itemscope=\"itemscope\" itemtype=\"https:\/\/schema.org\/CreativeWork\" ><div class='avia_textblock  '  style='font-size:15px; '  itemprop=\"text\" ><p>You can access our Integrated Quality, Environment, Safety, and Occupational Health Policy by clicking <a href=\"https:\/\/plmfm.pt\/wp-content\/uploads\/2026\/03\/Politica_Integrada_PLM-17042025.pdf\" target=\"_blank\" rel=\"noopener\"><b>HERE<\/b><\/a>.<\/p>\n<\/div><\/section><\/p><\/div><div class=\"flex_column av_one_half  flex_column_div   \" style='padding:0px 0 0 0 ; border-radius:0px; '><div class='avia-image-container  av-styling-    avia-align-center '  itemprop=\"ImageObject\" itemscope=\"itemscope\" itemtype=\"https:\/\/schema.org\/ImageObject\"  ><div class='avia-image-container-inner'><img class='avia_image ' src='https:\/\/plmfm.pt\/wp-content\/uploads\/2016\/06\/10405_PoliticaInteg_1.jpg' alt='' title=''   itemprop=\"thumbnailUrl\"  \/><\/div><\/div><\/div><\/div><\/div><\/div><!-- close content main div --><\/div><\/div><div id='after_section_2' class='main_color av_default_container_wrap container_wrap sidebar_right'   ><div class='container' ><div class='template-page content  av-content-small alpha units'><div class='post-entry post-entry-type-page post-entry-1770'><div class='entry-content-wrapper clearfix'><\/div><\/div><\/div><!-- close content main div --><\/div><\/div><div id='av_section_3' class='avia-section main_color avia-section-default avia-no-border-styling avia-bg-style-scroll   av-arrow-down-section av-minimum-height av-minimum-height-custom container_wrap sidebar_right' style = 'background-color: #d71921; '  ><div class='container' style='height:320px'><div class='template-page content  av-content-small alpha units'><div class='post-entry post-entry-type-page post-entry-1770'><div class='entry-content-wrapper clearfix'>\n<div class=\"flex_column av_one_half  flex_column_div av-zero-column-padding first  \" style='background-color:#d71921; border-radius:0px; '><section class=\"av_textblock_section \"  itemscope=\"itemscope\" itemtype=\"https:\/\/schema.org\/CreativeWork\" ><div class='avia_textblock  '   itemprop=\"text\" ><p><strong style=\"font-size: 17px; color: #fff;\">\\\\ Guiding Principles<\/strong><\/p>\n<p style=\"color: #d71921; line-height: 2px !important;\">.<\/p>\n<p><span style=\"color: #ffffff;\">\\\\ To implement, maintain and improve the Integrated Management System in accordance with standards NP EN ISO 9001 (Quality), NP EN ISO 14001 (Environment) and NP EN ISO 45001 (Occupational Health and Safety), to provide maintenance services in accordance with standard NP 4492 and to issue service certification (fluorinated gases) in accordance with Decree Law 145\/2017 of 30 November;<\/span><br \/>\n<span style=\"color: #ffffff;\">\\\\ Comply with applicable legislation, both in the ambit of the Environment and Safety, Hygiene and Occupational Health, as well as in the scope of the other services provided to Customers and other stakeholders;<\/span><br \/>\n<span style=\"color: #ffffff;\">\\\\ Maintain a proactive attitude towards external and internal Stakeholders to obtain their satisfaction, and to anticipate their needs and expectations;<\/span><br \/>\n<span style=\"color: #ffffff;\">\\\\ To provide healthy and safe working conditions that are adapted to the purpose, scope, and context of PLM\u2019s activities and to the specific nature of the OHS risks and opportunities in order to prevent work-related accidents and illnesses;<\/span><br \/>\n<span style=\"color: #ffffff;\">\\\\ Conduct risk and opportunity analysis of external and internal processes and issues with impact on PLM activity;<\/span><br \/>\n<span style=\"color: #ffffff;\">\\\\ To undertake an assessment of the hazards in order to ensure their elimination and the reduction in OHS risks;<\/span><\/p>\n<\/div><\/section><\/div><div class=\"flex_column av_one_half  flex_column_div   \" style='padding:45px 0 0 0 ; background-color:#d71921; border-radius:0px; '><section class=\"av_textblock_section \"  itemscope=\"itemscope\" itemtype=\"https:\/\/schema.org\/CreativeWork\" ><div class='avia_textblock  '   itemprop=\"text\" ><p><span style=\"color: #ffffff;\">\\\\ Maintain a responsible attitude to the Customers through the PLM&#8217;s employees, who are often on its premises;<\/span><br \/>\n<span style=\"color: #ffffff;\">\\\\ Contribute to sustainable development by protecting the environment through the prevention or mitigation of environmental impacts;<\/span><br \/>\n<span style=\"color: #ffffff;\">\\\\ Periodically identify activities or services interacting with the environment and evaluate their impacts, without losing sight of pollution prevention and environmental sustainability;<\/span><br \/>\n<span style=\"color: #ffffff;\">\\\\ Seek to obtain from suppliers the fulfillment of the environmental and safety requirements and the applicable legal requirements, in carrying out its activities, maintaining an informative and partnership attitude with them;<\/span><br \/>\n<span style=\"color: #ffffff;\">\\\\ Maintain an attitude of accuracy and continuous improvement, thus contributing to the sustained growth of the company;<\/span><br \/>\n<span style=\"color: #ffffff;\">\\\\ To ensure employee consultation and participation in assessing compliance with OHS;<\/span><br \/>\n<span style=\"color: #ffffff;\">\\\\ Promote disclosure of the Integrated Management System so that it is understood by all PLM\u2019s employees;<\/span><br \/>\n<span style=\"color: #ffffff;\">\\\\ Establish procedures related to the review of the Integrated Management System and the definition of objectives and targets.<\/span><\/p>\n<\/div><\/section><\/div>\n<\/div><\/div><\/div><!-- close content main div --><\/div><div class='av-extra-border-element border-extra-arrow-down'><div class='av-extra-border-outer'><div class='av-extra-border-inner'  style='background-color:#d71921;' ><\/div><\/div><\/div><\/div><div id='after_section_3' class='main_color av_default_container_wrap container_wrap sidebar_right'   ><div class='container' ><div class='template-page content  av-content-small alpha units'><div class='post-entry post-entry-type-page post-entry-1770'><div class='entry-content-wrapper clearfix'><\/p>\n","protected":false},"excerpt":{"rendered":"","protected":false},"author":1,"featured_media":0,"parent":0,"menu_order":0,"comment_status":"closed","ping_status":"closed","template":"","meta":{"footnotes":""},"class_list":["post-1770","page","type-page","status-publish","hentry"],"yoast_head":"<!-- This site is optimized with the Yoast SEO plugin v27.3 - https:\/\/yoast.com\/product\/yoast-seo-wordpress\/ -->\n<title>Integrated Policy - PLM | Facility Management<\/title>\n<meta name=\"robots\" content=\"index, follow, max-snippet:-1, max-image-preview:large, max-video-preview:-1\" \/>\n<link rel=\"canonical\" href=\"https:\/\/plmfm.pt\/en\/integrated-policy-2\/\" \/>\n<meta property=\"og:locale\" content=\"en_US\" \/>\n<meta property=\"og:type\" content=\"article\" \/>\n<meta property=\"og:title\" content=\"Integrated Policy - PLM | Facility Management\" \/>\n<meta property=\"og:url\" content=\"https:\/\/plmfm.pt\/en\/integrated-policy-2\/\" \/>\n<meta property=\"og:site_name\" content=\"PLM | Facility Management\" \/>\n<meta property=\"article:modified_time\" content=\"2026-03-17T09:21:10+00:00\" \/>\n<meta property=\"og:image\" content=\"https:\/\/plmfm.pt\/wp-content\/uploads\/2016\/05\/logo-1.png\" \/>\n\t<meta property=\"og:image:width\" content=\"394\" \/>\n\t<meta property=\"og:image:height\" content=\"286\" \/>\n\t<meta property=\"og:image:type\" content=\"image\/png\" \/>\n<meta name=\"twitter:card\" content=\"summary_large_image\" \/>\n<meta name=\"twitter:label1\" content=\"Est. reading time\" \/>\n\t<meta name=\"twitter:data1\" content=\"4 minutes\" \/>\n<script type=\"application\/ld+json\" class=\"yoast-schema-graph\">{\"@context\":\"https:\\\/\\\/schema.org\",\"@graph\":[{\"@type\":\"WebPage\",\"@id\":\"https:\\\/\\\/plmfm.pt\\\/en\\\/integrated-policy-2\\\/\",\"url\":\"https:\\\/\\\/plmfm.pt\\\/en\\\/integrated-policy-2\\\/\",\"name\":\"Integrated Policy - PLM | Facility Management\",\"isPartOf\":{\"@id\":\"https:\\\/\\\/plmfm.pt\\\/#website\"},\"datePublished\":\"2016-06-29T18:01:42+00:00\",\"dateModified\":\"2026-03-17T09:21:10+00:00\",\"breadcrumb\":{\"@id\":\"https:\\\/\\\/plmfm.pt\\\/en\\\/integrated-policy-2\\\/#breadcrumb\"},\"inLanguage\":\"en-US\",\"potentialAction\":[{\"@type\":\"ReadAction\",\"target\":[\"https:\\\/\\\/plmfm.pt\\\/en\\\/integrated-policy-2\\\/\"]}]},{\"@type\":\"BreadcrumbList\",\"@id\":\"https:\\\/\\\/plmfm.pt\\\/en\\\/integrated-policy-2\\\/#breadcrumb\",\"itemListElement\":[{\"@type\":\"ListItem\",\"position\":1,\"name\":\"Home\",\"item\":\"https:\\\/\\\/plmfm.pt\\\/en\\\/\"},{\"@type\":\"ListItem\",\"position\":2,\"name\":\"Integrated Policy\"}]},{\"@type\":\"WebSite\",\"@id\":\"https:\\\/\\\/plmfm.pt\\\/#website\",\"url\":\"https:\\\/\\\/plmfm.pt\\\/\",\"name\":\"PLM | Facility Management\",\"description\":\"Planeamento e gest\u00e3o de manuten\u00e7\u00e3o\",\"publisher\":{\"@id\":\"https:\\\/\\\/plmfm.pt\\\/#organization\"},\"potentialAction\":[{\"@type\":\"SearchAction\",\"target\":{\"@type\":\"EntryPoint\",\"urlTemplate\":\"https:\\\/\\\/plmfm.pt\\\/?s={search_term_string}\"},\"query-input\":{\"@type\":\"PropertyValueSpecification\",\"valueRequired\":true,\"valueName\":\"search_term_string\"}}],\"inLanguage\":\"en-US\"},{\"@type\":\"Organization\",\"@id\":\"https:\\\/\\\/plmfm.pt\\\/#organization\",\"name\":\"PLM | Facility Management\",\"url\":\"https:\\\/\\\/plmfm.pt\\\/\",\"logo\":{\"@type\":\"ImageObject\",\"inLanguage\":\"en-US\",\"@id\":\"https:\\\/\\\/plmfm.pt\\\/#\\\/schema\\\/logo\\\/image\\\/\",\"url\":\"https:\\\/\\\/plmfm.pt\\\/wp-content\\\/uploads\\\/2016\\\/05\\\/logo-1.png\",\"contentUrl\":\"https:\\\/\\\/plmfm.pt\\\/wp-content\\\/uploads\\\/2016\\\/05\\\/logo-1.png\",\"width\":394,\"height\":286,\"caption\":\"PLM | Facility Management\"},\"image\":{\"@id\":\"https:\\\/\\\/plmfm.pt\\\/#\\\/schema\\\/logo\\\/image\\\/\"},\"sameAs\":[\"https:\\\/\\\/pt.linkedin.com\\\/company\\\/plm---facility-management\"]}]}<\/script>\n<!-- \/ Yoast SEO plugin. -->","yoast_head_json":{"title":"Integrated Policy - PLM | Facility Management","robots":{"index":"index","follow":"follow","max-snippet":"max-snippet:-1","max-image-preview":"max-image-preview:large","max-video-preview":"max-video-preview:-1"},"canonical":"https:\/\/plmfm.pt\/en\/integrated-policy-2\/","og_locale":"en_US","og_type":"article","og_title":"Integrated Policy - PLM | Facility Management","og_url":"https:\/\/plmfm.pt\/en\/integrated-policy-2\/","og_site_name":"PLM | Facility Management","article_modified_time":"2026-03-17T09:21:10+00:00","og_image":[{"width":394,"height":286,"url":"https:\/\/plmfm.pt\/wp-content\/uploads\/2016\/05\/logo-1.png","type":"image\/png"}],"twitter_card":"summary_large_image","twitter_misc":{"Est. reading time":"4 minutes"},"schema":{"@context":"https:\/\/schema.org","@graph":[{"@type":"WebPage","@id":"https:\/\/plmfm.pt\/en\/integrated-policy-2\/","url":"https:\/\/plmfm.pt\/en\/integrated-policy-2\/","name":"Integrated Policy - PLM | Facility Management","isPartOf":{"@id":"https:\/\/plmfm.pt\/#website"},"datePublished":"2016-06-29T18:01:42+00:00","dateModified":"2026-03-17T09:21:10+00:00","breadcrumb":{"@id":"https:\/\/plmfm.pt\/en\/integrated-policy-2\/#breadcrumb"},"inLanguage":"en-US","potentialAction":[{"@type":"ReadAction","target":["https:\/\/plmfm.pt\/en\/integrated-policy-2\/"]}]},{"@type":"BreadcrumbList","@id":"https:\/\/plmfm.pt\/en\/integrated-policy-2\/#breadcrumb","itemListElement":[{"@type":"ListItem","position":1,"name":"Home","item":"https:\/\/plmfm.pt\/en\/"},{"@type":"ListItem","position":2,"name":"Integrated Policy"}]},{"@type":"WebSite","@id":"https:\/\/plmfm.pt\/#website","url":"https:\/\/plmfm.pt\/","name":"PLM | Facility Management","description":"Planeamento e gest\u00e3o de manuten\u00e7\u00e3o","publisher":{"@id":"https:\/\/plmfm.pt\/#organization"},"potentialAction":[{"@type":"SearchAction","target":{"@type":"EntryPoint","urlTemplate":"https:\/\/plmfm.pt\/?s={search_term_string}"},"query-input":{"@type":"PropertyValueSpecification","valueRequired":true,"valueName":"search_term_string"}}],"inLanguage":"en-US"},{"@type":"Organization","@id":"https:\/\/plmfm.pt\/#organization","name":"PLM | Facility Management","url":"https:\/\/plmfm.pt\/","logo":{"@type":"ImageObject","inLanguage":"en-US","@id":"https:\/\/plmfm.pt\/#\/schema\/logo\/image\/","url":"https:\/\/plmfm.pt\/wp-content\/uploads\/2016\/05\/logo-1.png","contentUrl":"https:\/\/plmfm.pt\/wp-content\/uploads\/2016\/05\/logo-1.png","width":394,"height":286,"caption":"PLM | Facility Management"},"image":{"@id":"https:\/\/plmfm.pt\/#\/schema\/logo\/image\/"},"sameAs":["https:\/\/pt.linkedin.com\/company\/plm---facility-management"]}]}},"_links":{"self":[{"href":"https:\/\/plmfm.pt\/en\/wp-json\/wp\/v2\/pages\/1770","targetHints":{"allow":["GET"]}}],"collection":[{"href":"https:\/\/plmfm.pt\/en\/wp-json\/wp\/v2\/pages"}],"about":[{"href":"https:\/\/plmfm.pt\/en\/wp-json\/wp\/v2\/types\/page"}],"author":[{"embeddable":true,"href":"https:\/\/plmfm.pt\/en\/wp-json\/wp\/v2\/users\/1"}],"replies":[{"embeddable":true,"href":"https:\/\/plmfm.pt\/en\/wp-json\/wp\/v2\/comments?post=1770"}],"version-history":[{"count":24,"href":"https:\/\/plmfm.pt\/en\/wp-json\/wp\/v2\/pages\/1770\/revisions"}],"predecessor-version":[{"id":8488,"href":"https:\/\/plmfm.pt\/en\/wp-json\/wp\/v2\/pages\/1770\/revisions\/8488"}],"wp:attachment":[{"href":"https:\/\/plmfm.pt\/en\/wp-json\/wp\/v2\/media?parent=1770"}],"curies":[{"name":"wp","href":"https:\/\/api.w.org\/{rel}","templated":true}]}}